{"id":126,"date":"2024-07-24T12:38:34","date_gmt":"2024-07-24T12:38:34","guid":{"rendered":"https:\/\/stephentaormino.com\/?page_id=126"},"modified":"2025-01-03T18:56:42","modified_gmt":"2025-01-03T18:56:42","slug":"workshops","status":"publish","type":"page","link":"https:\/\/stephentaormino.com\/de\/workshops\/","title":{"rendered":"Werkst\u00e4tten"},"content":{"rendered":"<div data-elementor-type=\"wp-page\" data-elementor-id=\"126\" class=\"elementor elementor-126\" data-elementor-post-type=\"page\">\n\t\t\t\t<div class=\"elementor-element elementor-element-509756a st_medium_banner e-flex e-con-boxed e-con e-parent\" data-id=\"509756a\" data-element_type=\"container\" data-settings=\"{&quot;background_background&quot;:&quot;classic&quot;}\">\n\t\t\t\t\t<div class=\"e-con-inner\">\n\t\t<div class=\"elementor-element elementor-element-c34095f e-con-full e-flex e-con e-child\" data-id=\"c34095f\" data-element_type=\"container\">\n\t\t\t\t<div class=\"elementor-element elementor-element-d9dc4bf elementor-widget elementor-widget-shortcode\" data-id=\"d9dc4bf\" data-element_type=\"widget\" data-widget_type=\"shortcode.default\">\n\t\t\t\t<div class=\"elementor-widget-container\">\n\t\t\t\t\t\t\t<div class=\"elementor-shortcode\"><div class=\"breadcrumbs\"><a href=\"https:\/\/stephentaormino.com\/de\/\">Startseite<\/a> <span class=\"chevron\">\"<\/span> Veranstaltungen <span class=\"chevron\">\"<\/span> <\/div><\/div>\n\t\t\t\t\t\t<\/div>\n\t\t\t\t<\/div>\n\t\t\t\t<\/div>\n\t\t\t\t\t<\/div>\n\t\t\t\t<\/div>\n\t\t<div class=\"elementor-element elementor-element-bf55eda e-flex e-con-boxed e-con e-parent\" data-id=\"bf55eda\" data-element_type=\"container\" data-settings=\"{&quot;background_background&quot;:&quot;classic&quot;}\">\n\t\t\t\t\t<div class=\"e-con-inner\">\n\t\t<div class=\"elementor-element elementor-element-1b0c553 e-con-full e-flex e-con e-child\" data-id=\"1b0c553\" data-element_type=\"container\" data-settings=\"{&quot;background_background&quot;:&quot;classic&quot;}\">\n\t\t<div class=\"elementor-element elementor-element-1b1cb4c e-con-full e-flex e-con e-child\" data-id=\"1b1cb4c\" data-element_type=\"container\" data-settings=\"{&quot;background_background&quot;:&quot;classic&quot;}\">\n\t\t\t\t<div class=\"elementor-element elementor-element-9bb8e96 elementor-hidden-desktop elementor-widget elementor-widget-image\" data-id=\"9bb8e96\" data-element_type=\"widget\" data-widget_type=\"image.default\">\n\t\t\t\t<div class=\"elementor-widget-container\">\n\t\t\t\t\t\t\t\t\t\t\t\t\t\t\t<img fetchpriority=\"high\" decoding=\"async\" width=\"670\" height=\"670\" src=\"https:\/\/stephentaormino.com\/wp-content\/uploads\/2024\/07\/wshop-sec1-thumb.png\" class=\"attachment-large size-large wp-image-128\" alt=\"\" srcset=\"https:\/\/stephentaormino.com\/wp-content\/uploads\/2024\/07\/wshop-sec1-thumb.png 670w, https:\/\/stephentaormino.com\/wp-content\/uploads\/2024\/07\/wshop-sec1-thumb-300x300.png 300w, https:\/\/stephentaormino.com\/wp-content\/uploads\/2024\/07\/wshop-sec1-thumb-150x150.png 150w, https:\/\/stephentaormino.com\/wp-content\/uploads\/2024\/07\/wshop-sec1-thumb-12x12.png 12w, https:\/\/stephentaormino.com\/wp-content\/uploads\/2024\/07\/wshop-sec1-thumb-600x600.png 600w\" sizes=\"(max-width: 670px) 100vw, 670px\" \/>\t\t\t\t\t\t\t\t\t\t\t\t\t\t\t<\/div>\n\t\t\t\t<\/div>\n\t\t\t\t<div class=\"elementor-element elementor-element-2589931 elementor-widget elementor-widget-text-editor\" data-id=\"2589931\" data-element_type=\"widget\" data-widget_type=\"text-editor.default\">\n\t\t\t\t<div class=\"elementor-widget-container\">\n\t\t\t\t\t\t\t\t\t<div class=\"redhighlight\">STEVE TAORMINO<\/div>\t\t\t\t\t\t\t\t<\/div>\n\t\t\t\t<\/div>\n\t\t\t\t<div class=\"elementor-element elementor-element-11d8e7c elementor-widget elementor-widget-heading\" data-id=\"11d8e7c\" data-element_type=\"widget\" data-widget_type=\"heading.default\">\n\t\t\t\t<div class=\"elementor-widget-container\">\n\t\t\t\t\t<h3 class=\"elementor-heading-title elementor-size-default\">Workshop Sprechen<\/h3>\t\t\t\t<\/div>\n\t\t\t\t<\/div>\n\t\t\t\t<div class=\"elementor-element elementor-element-1dc7d36 elementor-widget elementor-widget-text-editor\" data-id=\"1dc7d36\" data-element_type=\"widget\" data-widget_type=\"text-editor.default\">\n\t\t\t\t<div class=\"elementor-widget-container\">\n\t\t\t\t\t\t\t\t\tDer Aufbau von F\u00e4higkeiten und die berufliche Entwicklung sind ein wichtiger Aspekt beim Aufbau einer gro\u00dfartigen Organisation. <span class=\"color_red\">Steve Taormino<\/span> hat es sich zur Aufgabe gemacht, seine Zuh\u00f6rer mit praktischen Werkzeugen und Strategien auszustatten, damit sie in ihren jeweiligen Bereichen \u00fcber sich hinauswachsen k\u00f6nnen. Seine Inhalte sind nicht nur aktuell, mit den neuesten Trends und Praktiken in den Bereichen Vertrieb, Marketing und Gesch\u00e4ftsentwicklung, sondern auch zukunftsorientiert und bereiten Unternehmen auf zuk\u00fcnftige Herausforderungen und Chancen vor. Ob es um die Verbesserung von F\u00fchrungsqualit\u00e4ten, die Beherrschung von Kommunikationstechniken oder die F\u00f6rderung einer Innovationskultur geht, Steve bietet fesselnde und interaktive Workshops, die das Wachstum anregen und zu Ergebnissen f\u00fchren.\t\t\t\t\t\t\t\t<\/div>\n\t\t\t\t<\/div>\n\t\t\t\t<\/div>\n\t\t\t\t<\/div>\n\t\t\t\t\t<\/div>\n\t\t\t\t<\/div>\n\t\t<div class=\"elementor-element elementor-element-78efdea e-flex e-con-boxed e-con e-parent\" data-id=\"78efdea\" data-element_type=\"container\" data-settings=\"{&quot;background_background&quot;:&quot;classic&quot;}\">\n\t\t\t\t\t<div class=\"e-con-inner\">\n\t\t<div class=\"elementor-element elementor-element-c286fc7 e-con-full e-flex e-con e-child\" data-id=\"c286fc7\" data-element_type=\"container\" data-settings=\"{&quot;background_background&quot;:&quot;classic&quot;}\">\n\t\t<div class=\"elementor-element elementor-element-fdb8143 e-con-full e-flex e-con e-child\" data-id=\"fdb8143\" data-element_type=\"container\" data-settings=\"{&quot;background_background&quot;:&quot;classic&quot;}\">\n\t\t\t\t<div class=\"elementor-element elementor-element-c9ba7c3 elementor-hidden-desktop elementor-widget elementor-widget-image\" data-id=\"c9ba7c3\" data-element_type=\"widget\" data-widget_type=\"image.default\">\n\t\t\t\t<div class=\"elementor-widget-container\">\n\t\t\t\t\t\t\t\t\t\t\t\t\t\t\t<img decoding=\"async\" width=\"670\" height=\"670\" src=\"https:\/\/stephentaormino.com\/wp-content\/uploads\/2024\/07\/wshop-sec2-thumb.png\" class=\"attachment-large size-large wp-image-129\" alt=\"\" srcset=\"https:\/\/stephentaormino.com\/wp-content\/uploads\/2024\/07\/wshop-sec2-thumb.png 670w, https:\/\/stephentaormino.com\/wp-content\/uploads\/2024\/07\/wshop-sec2-thumb-300x300.png 300w, https:\/\/stephentaormino.com\/wp-content\/uploads\/2024\/07\/wshop-sec2-thumb-150x150.png 150w, https:\/\/stephentaormino.com\/wp-content\/uploads\/2024\/07\/wshop-sec2-thumb-12x12.png 12w, https:\/\/stephentaormino.com\/wp-content\/uploads\/2024\/07\/wshop-sec2-thumb-600x600.png 600w\" sizes=\"(max-width: 670px) 100vw, 670px\" \/>\t\t\t\t\t\t\t\t\t\t\t\t\t\t\t<\/div>\n\t\t\t\t<\/div>\n\t\t\t\t<div class=\"elementor-element elementor-element-8c02417 elementor-widget elementor-widget-text-editor\" data-id=\"8c02417\" data-element_type=\"widget\" data-widget_type=\"text-editor.default\">\n\t\t\t\t<div class=\"elementor-widget-container\">\n\t\t\t\t\t\t\t\t\t<div class=\"redhighlight\">WORKSHOP-THEMEN<\/div>\t\t\t\t\t\t\t\t<\/div>\n\t\t\t\t<\/div>\n\t\t\t\t<div class=\"elementor-element elementor-element-e713114 elementor-widget elementor-widget-heading\" data-id=\"e713114\" data-element_type=\"widget\" data-widget_type=\"heading.default\">\n\t\t\t\t<div class=\"elementor-widget-container\">\n\t\t\t\t\t<h3 class=\"elementor-heading-title elementor-size-default\">Wor\u00fcber Steve spricht<\/h3>\t\t\t\t<\/div>\n\t\t\t\t<\/div>\n\t\t\t\t<div class=\"elementor-element elementor-element-e710db1 elementor-widget elementor-widget-text-editor\" data-id=\"e710db1\" data-element_type=\"widget\" data-widget_type=\"text-editor.default\">\n\t\t\t\t<div class=\"elementor-widget-container\">\n\t\t\t\t\t\t\t\t\t<ul class=\"bullet_star\"><li><strong>Die Psychologie der Kaufentscheidungen:<\/strong> Entdecken Sie die versteckten Ausl\u00f6ser, die das Kundenverhalten bestimmen, und lernen Sie, wie Sie Botschaften erstellen, die auf einer tieferen, emotionalen Ebene ankommen.<\/li><li><strong>Strategischer Verkauf durch Verhaltensanalysen:<\/strong> Ver\u00e4ndern Sie Ihren Verkaufsprozess, indem Sie die Wissenschaft hinter Einfluss, \u00dcberzeugung und Entscheidungsfindung verstehen.<\/li><li><strong>Mit emotionalem Engagement Wachstum schaffen:<\/strong> Nutzen Sie psychologische Prinzipien, um sinnvolle Verbindungen zu schaffen, Loyalit\u00e4t zu wecken und langfristigen Erfolg zu erzielen.<\/li><\/ul>\t\t\t\t\t\t\t\t<\/div>\n\t\t\t\t<\/div>\n\t\t\t\t<\/div>\n\t\t\t\t<\/div>\n\t\t\t\t\t<\/div>\n\t\t\t\t<\/div>\n\t\t<div class=\"elementor-element elementor-element-e3d29d3 e-flex e-con-boxed e-con e-parent\" data-id=\"e3d29d3\" data-element_type=\"container\">\n\t\t\t\t\t<div class=\"e-con-inner\">\n\t\t\t\t<div class=\"elementor-element elementor-element-45ca05d elementor-widget elementor-widget-text-editor\" data-id=\"45ca05d\" data-element_type=\"widget\" data-widget_type=\"text-editor.default\">\n\t\t\t\t<div class=\"elementor-widget-container\">\n\t\t\t\t\t\t\t\t\t<div class=\"section_heading\">\n<h3>Sprechen <span class=\"alt_title_color\">Verlobung <\/span> Angebote<\/h3>\n<\/div>\t\t\t\t\t\t\t\t<\/div>\n\t\t\t\t<\/div>\n\t\t<div class=\"elementor-element elementor-element-3678a77 e-con-full e-flex e-con e-child\" data-id=\"3678a77\" data-element_type=\"container\">\n\t\t\t\t<div class=\"elementor-element elementor-element-95073e3 elementor-widget elementor-widget-text-editor\" data-id=\"95073e3\" data-element_type=\"widget\" data-widget_type=\"text-editor.default\">\n\t\t\t\t<div class=\"elementor-widget-container\">\n\t\t\t\t\t\t\t\t\t<p><span style=\"white-space-collapse: preserve;\">Steve bietet nicht nur wertvolle und informative Webinarvortr\u00e4ge an, sondern kann auch f\u00fcr andere Veranstaltungen Ihrer Organisation gebucht werden. Erkunden Sie diese anderen Arten von Veranstaltungen, bei denen er sprechen kann<\/span><\/p>\t\t\t\t\t\t\t\t<\/div>\n\t\t\t\t<\/div>\n\t\t\t\t<\/div>\n\t\t<div class=\"elementor-element elementor-element-135502b e-con-full e-flex e-con e-child\" data-id=\"135502b\" data-element_type=\"container\">\n\t\t<div class=\"elementor-element elementor-element-261bd81 e-con-full e-flex e-con e-child\" data-id=\"261bd81\" data-element_type=\"container\">\n\t\t<div class=\"elementor-element elementor-element-3dc0ae2 e-con-full e-flex e-con e-child\" data-id=\"3dc0ae2\" data-element_type=\"container\" data-settings=\"{&quot;background_background&quot;:&quot;classic&quot;}\">\n\t\t\t\t<div class=\"elementor-element elementor-element-4f59f22 elementor-icon-list--layout-traditional elementor-list-item-link-full_width elementor-widget elementor-widget-icon-list\" data-id=\"4f59f22\" data-element_type=\"widget\" data-widget_type=\"icon-list.default\">\n\t\t\t\t<div class=\"elementor-widget-container\">\n\t\t\t\t\t\t\t<ul class=\"elementor-icon-list-items\">\n\t\t\t\t\t\t\t<li class=\"elementor-icon-list-item\">\n\t\t\t\t\t\t\t\t\t\t\t<span class=\"elementor-icon-list-icon\">\n\t\t\t\t\t\t\t<svg xmlns=\"http:\/\/www.w3.org\/2000\/svg\" width=\"22\" height=\"20\" viewbox=\"0 0 22 20\" fill=\"none\"><path fill-rule=\"evenodd\" clip-rule=\"evenodd\" d=\"M10.5148 0L13.4089 7.07249L21.0296 7.63931L15.1977 12.5772L17.0133 20L10.5148 15.9794L4.01629 20L5.83208 12.5772L0 7.63931L7.62065 7.07249L10.5148 0Z\" fill=\"#C60F2D\"><\/path><\/svg>\t\t\t\t\t\t<\/span>\n\t\t\t\t\t\t\t\t\t\t<span class=\"elementor-icon-list-text\">Grundsatzreferate<\/span>\n\t\t\t\t\t\t\t\t\t<\/li>\n\t\t\t\t\t\t<\/ul>\n\t\t\t\t\t\t<\/div>\n\t\t\t\t<\/div>\n\t\t\t\t<div class=\"elementor-element elementor-element-cd031df elementor-widget elementor-widget-text-editor\" data-id=\"cd031df\" data-element_type=\"widget\" data-widget_type=\"text-editor.default\">\n\t\t\t\t<div class=\"elementor-widget-container\">\n\t\t\t\t\t\t\t\t\tInspirierende Vortr\u00e4ge auf Konferenzen oder Veranstaltungen.\t\t\t\t\t\t\t\t<\/div>\n\t\t\t\t<\/div>\n\t\t\t\t<\/div>\n\t\t<div class=\"elementor-element elementor-element-e6876ee e-con-full e-flex e-con e-child\" data-id=\"e6876ee\" data-element_type=\"container\" data-settings=\"{&quot;background_background&quot;:&quot;classic&quot;}\">\n\t\t\t\t<div class=\"elementor-element elementor-element-af172ae elementor-icon-list--layout-traditional elementor-list-item-link-full_width elementor-widget elementor-widget-icon-list\" data-id=\"af172ae\" data-element_type=\"widget\" data-widget_type=\"icon-list.default\">\n\t\t\t\t<div class=\"elementor-widget-container\">\n\t\t\t\t\t\t\t<ul class=\"elementor-icon-list-items\">\n\t\t\t\t\t\t\t<li class=\"elementor-icon-list-item\">\n\t\t\t\t\t\t\t\t\t\t\t<span class=\"elementor-icon-list-icon\">\n\t\t\t\t\t\t\t<svg xmlns=\"http:\/\/www.w3.org\/2000\/svg\" width=\"22\" height=\"20\" viewbox=\"0 0 22 20\" fill=\"none\"><path fill-rule=\"evenodd\" clip-rule=\"evenodd\" d=\"M10.5148 0L13.4089 7.07249L21.0296 7.63931L15.1977 12.5772L17.0133 20L10.5148 15.9794L4.01629 20L5.83208 12.5772L0 7.63931L7.62065 7.07249L10.5148 0Z\" fill=\"#C60F2D\"><\/path><\/svg>\t\t\t\t\t\t<\/span>\n\t\t\t\t\t\t\t\t\t\t<span class=\"elementor-icon-list-text\">Podiumsdiskussionen<\/span>\n\t\t\t\t\t\t\t\t\t<\/li>\n\t\t\t\t\t\t<\/ul>\n\t\t\t\t\t\t<\/div>\n\t\t\t\t<\/div>\n\t\t\t\t<div class=\"elementor-element elementor-element-edb1cb4 elementor-widget elementor-widget-text-editor\" data-id=\"edb1cb4\" data-element_type=\"widget\" data-widget_type=\"text-editor.default\">\n\t\t\t\t<div class=\"elementor-widget-container\">\n\t\t\t\t\t\t\t\t\tGespr\u00e4che zwischen Experten zu einem bestimmten Thema.\t\t\t\t\t\t\t\t<\/div>\n\t\t\t\t<\/div>\n\t\t\t\t<\/div>\n\t\t<div class=\"elementor-element elementor-element-6fe028f e-con-full e-flex e-con e-child\" data-id=\"6fe028f\" data-element_type=\"container\" data-settings=\"{&quot;background_background&quot;:&quot;classic&quot;}\">\n\t\t\t\t<div class=\"elementor-element elementor-element-d60ff70 elementor-icon-list--layout-traditional elementor-list-item-link-full_width elementor-widget elementor-widget-icon-list\" data-id=\"d60ff70\" data-element_type=\"widget\" data-widget_type=\"icon-list.default\">\n\t\t\t\t<div class=\"elementor-widget-container\">\n\t\t\t\t\t\t\t<ul class=\"elementor-icon-list-items\">\n\t\t\t\t\t\t\t<li class=\"elementor-icon-list-item\">\n\t\t\t\t\t\t\t\t\t\t\t<span class=\"elementor-icon-list-icon\">\n\t\t\t\t\t\t\t<svg xmlns=\"http:\/\/www.w3.org\/2000\/svg\" width=\"22\" height=\"20\" viewbox=\"0 0 22 20\" fill=\"none\"><path fill-rule=\"evenodd\" clip-rule=\"evenodd\" d=\"M10.5148 0L13.4089 7.07249L21.0296 7.63931L15.1977 12.5772L17.0133 20L10.5148 15.9794L4.01629 20L5.83208 12.5772L0 7.63931L7.62065 7.07249L10.5148 0Z\" fill=\"#C60F2D\"><\/path><\/svg>\t\t\t\t\t\t<\/span>\n\t\t\t\t\t\t\t\t\t\t<span class=\"elementor-icon-list-text\">Seminare<\/span>\n\t\t\t\t\t\t\t\t\t<\/li>\n\t\t\t\t\t\t<\/ul>\n\t\t\t\t\t\t<\/div>\n\t\t\t\t<\/div>\n\t\t\t\t<div class=\"elementor-element elementor-element-5cc13fc elementor-widget elementor-widget-text-editor\" data-id=\"5cc13fc\" data-element_type=\"widget\" data-widget_type=\"text-editor.default\">\n\t\t\t\t<div class=\"elementor-widget-container\">\n\t\t\t\t\t\t\t\t\tVon Experten geleitete Bildungsveranstaltungen.\t\t\t\t\t\t\t\t<\/div>\n\t\t\t\t<\/div>\n\t\t\t\t<\/div>\n\t\t\t\t<\/div>\n\t\t<div class=\"elementor-element elementor-element-065299d e-con-full e-flex e-con e-child\" data-id=\"065299d\" data-element_type=\"container\">\n\t\t<div class=\"elementor-element elementor-element-3ce2809 e-con-full e-flex e-con e-child\" data-id=\"3ce2809\" data-element_type=\"container\" data-settings=\"{&quot;background_background&quot;:&quot;classic&quot;}\">\n\t\t\t\t<div class=\"elementor-element elementor-element-ba4769f elementor-icon-list--layout-traditional elementor-list-item-link-full_width elementor-widget elementor-widget-icon-list\" data-id=\"ba4769f\" data-element_type=\"widget\" data-widget_type=\"icon-list.default\">\n\t\t\t\t<div class=\"elementor-widget-container\">\n\t\t\t\t\t\t\t<ul class=\"elementor-icon-list-items\">\n\t\t\t\t\t\t\t<li class=\"elementor-icon-list-item\">\n\t\t\t\t\t\t\t\t\t\t\t<span class=\"elementor-icon-list-icon\">\n\t\t\t\t\t\t\t<svg xmlns=\"http:\/\/www.w3.org\/2000\/svg\" width=\"22\" height=\"20\" viewbox=\"0 0 22 20\" fill=\"none\"><path fill-rule=\"evenodd\" clip-rule=\"evenodd\" d=\"M10.5148 0L13.4089 7.07249L21.0296 7.63931L15.1977 12.5772L17.0133 20L10.5148 15.9794L4.01629 20L5.83208 12.5772L0 7.63931L7.62065 7.07249L10.5148 0Z\" fill=\"#C60F2D\"><\/path><\/svg>\t\t\t\t\t\t<\/span>\n\t\t\t\t\t\t\t\t\t\t<span class=\"elementor-icon-list-text\">Werkst\u00e4tten<\/span>\n\t\t\t\t\t\t\t\t\t<\/li>\n\t\t\t\t\t\t<\/ul>\n\t\t\t\t\t\t<\/div>\n\t\t\t\t<\/div>\n\t\t\t\t<div class=\"elementor-element elementor-element-50a457a elementor-widget elementor-widget-text-editor\" data-id=\"50a457a\" data-element_type=\"widget\" data-widget_type=\"text-editor.default\">\n\t\t\t\t<div class=\"elementor-widget-container\">\n\t\t\t\t\t\t\t\t\tInteraktive Sitzungen f\u00fcr praxisnahes Lernen.\t\t\t\t\t\t\t\t<\/div>\n\t\t\t\t<\/div>\n\t\t\t\t<\/div>\n\t\t<div class=\"elementor-element elementor-element-36cf1ee e-con-full e-flex e-con e-child\" data-id=\"36cf1ee\" data-element_type=\"container\" data-settings=\"{&quot;background_background&quot;:&quot;classic&quot;}\">\n\t\t\t\t<div class=\"elementor-element elementor-element-4fae8eb elementor-icon-list--layout-traditional elementor-list-item-link-full_width elementor-widget elementor-widget-icon-list\" data-id=\"4fae8eb\" data-element_type=\"widget\" data-widget_type=\"icon-list.default\">\n\t\t\t\t<div class=\"elementor-widget-container\">\n\t\t\t\t\t\t\t<ul class=\"elementor-icon-list-items\">\n\t\t\t\t\t\t\t<li class=\"elementor-icon-list-item\">\n\t\t\t\t\t\t\t\t\t\t\t<span class=\"elementor-icon-list-icon\">\n\t\t\t\t\t\t\t<svg xmlns=\"http:\/\/www.w3.org\/2000\/svg\" width=\"22\" height=\"20\" viewbox=\"0 0 22 20\" fill=\"none\"><path fill-rule=\"evenodd\" clip-rule=\"evenodd\" d=\"M10.5148 0L13.4089 7.07249L21.0296 7.63931L15.1977 12.5772L17.0133 20L10.5148 15.9794L4.01629 20L5.83208 12.5772L0 7.63931L7.62065 7.07249L10.5148 0Z\" fill=\"#C60F2D\"><\/path><\/svg>\t\t\t\t\t\t<\/span>\n\t\t\t\t\t\t\t\t\t\t<span class=\"elementor-icon-list-text\">Webinare<\/span>\n\t\t\t\t\t\t\t\t\t<\/li>\n\t\t\t\t\t\t<\/ul>\n\t\t\t\t\t\t<\/div>\n\t\t\t\t<\/div>\n\t\t\t\t<div class=\"elementor-element elementor-element-ecb24d2 elementor-widget elementor-widget-text-editor\" data-id=\"ecb24d2\" data-element_type=\"widget\" data-widget_type=\"text-editor.default\">\n\t\t\t\t<div class=\"elementor-widget-container\">\n\t\t\t\t\t\t\t\t\tOnline-Pr\u00e4sentationen f\u00fcr die Teilnahme aus der Ferne.\t\t\t\t\t\t\t\t<\/div>\n\t\t\t\t<\/div>\n\t\t\t\t<\/div>\n\t\t<div class=\"elementor-element elementor-element-972c43b e-con-full e-flex e-con e-child\" data-id=\"972c43b\" data-element_type=\"container\" data-settings=\"{&quot;background_background&quot;:&quot;classic&quot;}\">\n\t\t\t\t<div class=\"elementor-element elementor-element-13a551c elementor-icon-list--layout-traditional elementor-list-item-link-full_width elementor-widget elementor-widget-icon-list\" data-id=\"13a551c\" data-element_type=\"widget\" data-widget_type=\"icon-list.default\">\n\t\t\t\t<div class=\"elementor-widget-container\">\n\t\t\t\t\t\t\t<ul class=\"elementor-icon-list-items\">\n\t\t\t\t\t\t\t<li class=\"elementor-icon-list-item\">\n\t\t\t\t\t\t\t\t\t\t\t<span class=\"elementor-icon-list-icon\">\n\t\t\t\t\t\t\t<svg xmlns=\"http:\/\/www.w3.org\/2000\/svg\" width=\"22\" height=\"20\" viewbox=\"0 0 22 20\" fill=\"none\"><path fill-rule=\"evenodd\" clip-rule=\"evenodd\" d=\"M10.5148 0L13.4089 7.07249L21.0296 7.63931L15.1977 12.5772L17.0133 20L10.5148 15.9794L4.01629 20L5.83208 12.5772L0 7.63931L7.62065 7.07249L10.5148 0Z\" fill=\"#C60F2D\"><\/path><\/svg>\t\t\t\t\t\t<\/span>\n\t\t\t\t\t\t\t\t\t\t<span class=\"elementor-icon-list-text\">Trainingseinheiten<\/span>\n\t\t\t\t\t\t\t\t\t<\/li>\n\t\t\t\t\t\t<\/ul>\n\t\t\t\t\t\t<\/div>\n\t\t\t\t<\/div>\n\t\t\t\t<div class=\"elementor-element elementor-element-6666e5c elementor-widget elementor-widget-text-editor\" data-id=\"6666e5c\" data-element_type=\"widget\" data-widget_type=\"text-editor.default\">\n\t\t\t\t<div class=\"elementor-widget-container\">\n\t\t\t\t\t\t\t\t\tUnterrichtseinheiten zum Aufbau von F\u00e4higkeiten.\t\t\t\t\t\t\t\t<\/div>\n\t\t\t\t<\/div>\n\t\t\t\t<\/div>\n\t\t\t\t<\/div>\n\t\t\t\t<\/div>\n\t\t\t\t<div class=\"elementor-element elementor-element-4fc4385 slide2blue_btn elementor-widget elementor-widget-button\" data-id=\"4fc4385\" data-element_type=\"widget\" data-widget_type=\"button.default\">\n\t\t\t\t<div class=\"elementor-widget-container\">\n\t\t\t\t\t\t\t\t\t<div class=\"elementor-button-wrapper\">\n\t\t\t\t\t<a class=\"elementor-button elementor-button-link elementor-size-sm\" href=\"\/de\/contact-steve\/\">\n\t\t\t\t\t\t<span class=\"elementor-button-content-wrapper\">\n\t\t\t\t\t\t\t\t\t<span class=\"elementor-button-text\">VERF\u00dcGBARKEIT PR\u00dcFEN<\/span>\n\t\t\t\t\t<\/span>\n\t\t\t\t\t<\/a>\n\t\t\t\t<\/div>\n\t\t\t\t\t\t\t\t<\/div>\n\t\t\t\t<\/div>\n\t\t\t\t\t<\/div>\n\t\t\t\t<\/div>\n\t\t\t\t<\/div>","protected":false},"excerpt":{"rendered":"<p>STEVE TAORMINO Workshop Speaking Skill-Building und berufliche Entwicklung sind ein wichtiger Aspekt beim Aufbau einer gro\u00dfen Organisation. Steve Taormino hat es sich zur Aufgabe gemacht, seinen Zuh\u00f6rern praktische Werkzeuge und Strategien an die Hand zu geben, damit sie sich in ihrem jeweiligen Bereich auszeichnen k\u00f6nnen. Seine Inhalte sind nicht nur aktuell, mit den neuesten Trends und Praktiken in Vertrieb, Marketing und Gesch\u00e4ftsentwicklung, sondern auch [...]<\/p>","protected":false},"author":3,"featured_media":0,"parent":0,"menu_order":0,"comment_status":"closed","ping_status":"closed","template":"","meta":{"footnotes":""},"class_list":["post-126","page","type-page","status-publish","hentry"],"featured_image_src":null,"featured_image_src_square":null,"_links":{"self":[{"href":"https:\/\/stephentaormino.com\/de\/wp-json\/wp\/v2\/pages\/126","targetHints":{"allow":["GET"]}}],"collection":[{"href":"https:\/\/stephentaormino.com\/de\/wp-json\/wp\/v2\/pages"}],"about":[{"href":"https:\/\/stephentaormino.com\/de\/wp-json\/wp\/v2\/types\/page"}],"author":[{"embeddable":true,"href":"https:\/\/stephentaormino.com\/de\/wp-json\/wp\/v2\/users\/3"}],"replies":[{"embeddable":true,"href":"https:\/\/stephentaormino.com\/de\/wp-json\/wp\/v2\/comments?post=126"}],"version-history":[{"count":0,"href":"https:\/\/stephentaormino.com\/de\/wp-json\/wp\/v2\/pages\/126\/revisions"}],"wp:attachment":[{"href":"https:\/\/stephentaormino.com\/de\/wp-json\/wp\/v2\/media?parent=126"}],"curies":[{"name":"wp","href":"https:\/\/api.w.org\/{rel}","templated":true}]}}