{"id":78,"date":"2024-07-22T08:43:08","date_gmt":"2024-07-22T08:43:08","guid":{"rendered":"https:\/\/stephentaormino.com\/?page_id=78"},"modified":"2025-04-11T18:00:27","modified_gmt":"2025-04-11T18:00:27","slug":"about-steve","status":"publish","type":"page","link":"https:\/\/stephentaormino.com\/de\/about-steve\/","title":{"rendered":"\u00dcber Steve"},"content":{"rendered":"<div data-elementor-type=\"wp-page\" data-elementor-id=\"78\" class=\"elementor elementor-78\" data-elementor-post-type=\"page\">\n\t\t\t\t<div class=\"elementor-element elementor-element-7851e5e st_medium_banner e-flex e-con-boxed e-con e-parent\" data-id=\"7851e5e\" data-element_type=\"container\" data-settings=\"{&quot;background_background&quot;:&quot;classic&quot;}\">\n\t\t\t\t\t<div class=\"e-con-inner\">\n\t\t<div class=\"elementor-element elementor-element-b018c0c e-con-full e-flex e-con e-child\" data-id=\"b018c0c\" data-element_type=\"container\">\n\t\t\t\t<div class=\"elementor-element elementor-element-42f005f elementor-widget elementor-widget-shortcode\" data-id=\"42f005f\" data-element_type=\"widget\" data-widget_type=\"shortcode.default\">\n\t\t\t\t<div class=\"elementor-widget-container\">\n\t\t\t\t\t\t\t<div class=\"elementor-shortcode\"><div class=\"breadcrumbs\"><a href=\"https:\/\/stephentaormino.com\/de\/\">Startseite<\/a> <span class=\"chevron\">\"<\/span> <\/div><\/div>\n\t\t\t\t\t\t<\/div>\n\t\t\t\t<\/div>\n\t\t\t\t<\/div>\n\t\t<div class=\"elementor-element elementor-element-85666f0 e-con-full elementor-hidden-mobile e-flex e-con e-child\" data-id=\"85666f0\" data-element_type=\"container\">\n\t\t\t\t<div class=\"elementor-element elementor-element-f7439b7 elementor-widget elementor-widget-image\" data-id=\"f7439b7\" data-element_type=\"widget\" data-widget_type=\"image.default\">\n\t\t\t\t<div class=\"elementor-widget-container\">\n\t\t\t\t\t\t\t\t\t\t\t\t\t\t\t<img fetchpriority=\"high\" decoding=\"async\" width=\"333\" height=\"430\" src=\"https:\/\/stephentaormino.com\/wp-content\/uploads\/2024\/07\/steve-aboutbanner.png\" class=\"attachment-full size-full wp-image-84\" alt=\"\" srcset=\"https:\/\/stephentaormino.com\/wp-content\/uploads\/2024\/07\/steve-aboutbanner.png 333w, https:\/\/stephentaormino.com\/wp-content\/uploads\/2024\/07\/steve-aboutbanner-232x300.png 232w, https:\/\/stephentaormino.com\/wp-content\/uploads\/2024\/07\/steve-aboutbanner-9x12.png 9w\" sizes=\"(max-width: 333px) 100vw, 333px\" \/>\t\t\t\t\t\t\t\t\t\t\t\t\t\t\t<\/div>\n\t\t\t\t<\/div>\n\t\t\t\t<\/div>\n\t\t\t\t\t<\/div>\n\t\t\t\t<\/div>\n\t\t<div class=\"elementor-element elementor-element-09dfdc9 e-flex e-con-boxed e-con e-parent\" data-id=\"09dfdc9\" data-element_type=\"container\">\n\t\t\t\t\t<div class=\"e-con-inner\">\n\t\t\t\t<div class=\"elementor-element elementor-element-53bdecc elementor-widget elementor-widget-text-editor\" data-id=\"53bdecc\" data-element_type=\"widget\" data-widget_type=\"text-editor.default\">\n\t\t\t\t<div class=\"elementor-widget-container\">\n\t\t\t\t\t\t\t\t\t<div class=\"section_heading\">\n<h2>Steve's <span class=\"alt_title_color\">Fachwissen<\/span><\/h2>\n<\/div>\t\t\t\t\t\t\t\t<\/div>\n\t\t\t\t<\/div>\n\t\t\t\t<div class=\"elementor-element elementor-element-e948504 elementor-widget elementor-widget-text-editor\" data-id=\"e948504\" data-element_type=\"widget\" data-widget_type=\"text-editor.default\">\n\t\t\t\t<div class=\"elementor-widget-container\">\n\t\t\t\t\t\t\t\t\t<p>Steve ist f\u00fcr seine Professionalit\u00e4t, Glaubw\u00fcrdigkeit und sein Fachwissen bekannt und vermittelt Informationen auf sympathische und nachvollziehbare Weise. Mit seiner jahrelangen Erfahrung und seinem umfangreichen Wissen im Bereich Marketing verk\u00f6rpert Steve Autorit\u00e4t und ist eine gefragte Stimme bei Veranstaltungen und Konferenzen auf der ganzen Welt. Sein Weg ist ein unerm\u00fcdlicher, von unz\u00e4hligen Auftritten gepr\u00e4gter Weg, auf dem seine Erkenntnisse einen unausl\u00f6schlichen Eindruck hinterlassen haben.\u00a0<\/p>\t\t\t\t\t\t\t\t<\/div>\n\t\t\t\t<\/div>\n\t\t\t\t\t<\/div>\n\t\t\t\t<\/div>\n\t\t<div class=\"elementor-element elementor-element-5ff4727 e-flex e-con-boxed e-con e-parent\" data-id=\"5ff4727\" data-element_type=\"container\" data-settings=\"{&quot;background_background&quot;:&quot;classic&quot;}\">\n\t\t\t\t\t<div class=\"e-con-inner\">\n\t\t\t\t<div class=\"elementor-element elementor-element-12d9335 elementor-widget elementor-widget-text-editor\" data-id=\"12d9335\" data-element_type=\"widget\" data-widget_type=\"text-editor.default\">\n\t\t\t\t<div class=\"elementor-widget-container\">\n\t\t\t\t\t\t\t\t\t<div class=\"section_heading\">\n<h2>Steve's <span class=\"alt_title_color\">Geschichte<\/span><\/h2>\n<\/div>\t\t\t\t\t\t\t\t<\/div>\n\t\t\t\t<\/div>\n\t\t<div class=\"elementor-element elementor-element-75171c1 e-con-full history_listing e-flex e-con e-child\" data-id=\"75171c1\" data-element_type=\"container\">\n\t\t<div class=\"elementor-element elementor-element-cde9d68 e-con-full e-flex e-con e-child\" data-id=\"cde9d68\" data-element_type=\"container\">\n\t\t<div class=\"elementor-element elementor-element-f0b42e4 e-con-full e-flex e-con e-child\" data-id=\"f0b42e4\" data-element_type=\"container\">\n\t\t\t\t<div class=\"elementor-element elementor-element-995f696 elementor-widget__width-auto elementor-widget elementor-widget-text-editor\" data-id=\"995f696\" data-element_type=\"widget\" data-widget_type=\"text-editor.default\">\n\t\t\t\t<div class=\"elementor-widget-container\">\n\t\t\t\t\t\t\t\t\t<div class=\"history_year\">1999<\/div>\t\t\t\t\t\t\t\t<\/div>\n\t\t\t\t<\/div>\n\t\t\t\t<\/div>\n\t\t<div class=\"elementor-element elementor-element-9fc5e94 e-con-full e-flex e-con e-child\" data-id=\"9fc5e94\" data-element_type=\"container\">\n\t\t\t\t<div class=\"elementor-element elementor-element-6923195 elementor-widget elementor-widget-text-editor\" data-id=\"6923195\" data-element_type=\"widget\" data-widget_type=\"text-editor.default\">\n\t\t\t\t<div class=\"elementor-widget-container\">\n\t\t\t\t\t\t\t\t\t<p>Im Jahr 1999 gr\u00fcndete Stephen Taormino sein Unternehmen (CC&amp;A Strategic Media) als Website-Designfirma. CC&amp;A begann mit der Erstellung von Websites in HTML und Flash-Animation und wurde urspr\u00fcnglich unter dem Namen CC&amp;A Web Development gegr\u00fcndet und sp\u00e4ter umbenannt.<\/p>\t\t\t\t\t\t\t\t<\/div>\n\t\t\t\t<\/div>\n\t\t\t\t<\/div>\n\t\t\t\t<\/div>\n\t\t<div class=\"elementor-element elementor-element-85edb30 e-con-full e-flex e-con e-child\" data-id=\"85edb30\" data-element_type=\"container\">\n\t\t<div class=\"elementor-element elementor-element-d3f98dd e-con-full e-flex e-con e-child\" data-id=\"d3f98dd\" data-element_type=\"container\">\n\t\t\t\t<div class=\"elementor-element elementor-element-3049c4c elementor-widget__width-auto elementor-widget elementor-widget-text-editor\" data-id=\"3049c4c\" data-element_type=\"widget\" data-widget_type=\"text-editor.default\">\n\t\t\t\t<div class=\"elementor-widget-container\">\n\t\t\t\t\t\t\t\t\t<div class=\"history_year\">2001<\/div>\t\t\t\t\t\t\t\t<\/div>\n\t\t\t\t<\/div>\n\t\t\t\t<\/div>\n\t\t<div class=\"elementor-element elementor-element-8f441ed e-con-full e-flex e-con e-child\" data-id=\"8f441ed\" data-element_type=\"container\">\n\t\t\t\t<div class=\"elementor-element elementor-element-185edd4 elementor-widget elementor-widget-text-editor\" data-id=\"185edd4\" data-element_type=\"widget\" data-widget_type=\"text-editor.default\">\n\t\t\t\t<div class=\"elementor-widget-container\">\n\t\t\t\t\t\t\t\t\tIm Jahr 2001 positionierte Steve CC&amp;A strategisch neu als ein Full-Service-Marketing- und Kommunikationsunternehmen, das auf menschliches Verhalten und Marketingpsychologie spezialisiert ist. Zusammen mit Website-Entwicklung, f\u00fcgte Steve SEO und Social Media Service-Angebote.\t\t\t\t\t\t\t\t<\/div>\n\t\t\t\t<\/div>\n\t\t\t\t<\/div>\n\t\t\t\t<\/div>\n\t\t<div class=\"elementor-element elementor-element-99b797b e-con-full e-flex e-con e-child\" data-id=\"99b797b\" data-element_type=\"container\">\n\t\t<div class=\"elementor-element elementor-element-9ad9b91 e-con-full e-flex e-con e-child\" data-id=\"9ad9b91\" data-element_type=\"container\">\n\t\t\t\t<div class=\"elementor-element elementor-element-8a49a51 elementor-widget__width-auto elementor-widget elementor-widget-text-editor\" data-id=\"8a49a51\" data-element_type=\"widget\" data-widget_type=\"text-editor.default\">\n\t\t\t\t<div class=\"elementor-widget-container\">\n\t\t\t\t\t\t\t\t\t<div class=\"history_year\">2011<\/div>\t\t\t\t\t\t\t\t<\/div>\n\t\t\t\t<\/div>\n\t\t\t\t<\/div>\n\t\t<div class=\"elementor-element elementor-element-df52439 e-con-full e-flex e-con e-child\" data-id=\"df52439\" data-element_type=\"container\">\n\t\t\t\t<div class=\"elementor-element elementor-element-62de946 elementor-widget elementor-widget-text-editor\" data-id=\"62de946\" data-element_type=\"widget\" data-widget_type=\"text-editor.default\">\n\t\t\t\t<div class=\"elementor-widget-container\">\n\t\t\t\t\t\t\t\t\tBis 2011 hatte Steve Auszeichnungen, Erfolge und nationale Anerkennung von gro\u00dfen Medien erhalten - er hielt sogar zusammen mit dem CMO von Yahoo einen Vortrag \u00fcber die besten Praktiken im digitalen Marketing in New York City.\t\t\t\t\t\t\t\t<\/div>\n\t\t\t\t<\/div>\n\t\t\t\t<\/div>\n\t\t\t\t<\/div>\n\t\t<div class=\"elementor-element elementor-element-dc9b96d e-con-full e-flex e-con e-child\" data-id=\"dc9b96d\" data-element_type=\"container\">\n\t\t<div class=\"elementor-element elementor-element-ae21f83 e-con-full e-flex e-con e-child\" data-id=\"ae21f83\" data-element_type=\"container\">\n\t\t\t\t<div class=\"elementor-element elementor-element-596ce25 elementor-widget__width-auto elementor-widget elementor-widget-text-editor\" data-id=\"596ce25\" data-element_type=\"widget\" data-widget_type=\"text-editor.default\">\n\t\t\t\t<div class=\"elementor-widget-container\">\n\t\t\t\t\t\t\t\t\t<div class=\"history_year\">2014<\/div>\t\t\t\t\t\t\t\t<\/div>\n\t\t\t\t<\/div>\n\t\t\t\t<\/div>\n\t\t<div class=\"elementor-element elementor-element-53ce3f4 e-con-full e-flex e-con e-child\" data-id=\"53ce3f4\" data-element_type=\"container\">\n\t\t\t\t<div class=\"elementor-element elementor-element-1bb9222 elementor-widget elementor-widget-text-editor\" data-id=\"1bb9222\" data-element_type=\"widget\" data-widget_type=\"text-editor.default\">\n\t\t\t\t<div class=\"elementor-widget-container\">\n\t\t\t\t\t\t\t\t\tIm Jahr 2014 wurde Steve Taormino zur Teilnahme an einer internationalen Delegation von zwanzig CEOs nach Kuba eingeladen, um mit Regierungsvertretern \u00fcber bew\u00e4hrte Gesch\u00e4ftspraktiken und Marketingstrategien zur Anziehung von US-Unternehmen zu sprechen.\t\t\t\t\t\t\t\t<\/div>\n\t\t\t\t<\/div>\n\t\t\t\t<\/div>\n\t\t\t\t<\/div>\n\t\t<div class=\"elementor-element elementor-element-8af35cc e-con-full e-flex e-con e-child\" data-id=\"8af35cc\" data-element_type=\"container\">\n\t\t<div class=\"elementor-element elementor-element-2a61d20 e-con-full e-flex e-con e-child\" data-id=\"2a61d20\" data-element_type=\"container\">\n\t\t\t\t<div class=\"elementor-element elementor-element-41ee15c elementor-widget__width-auto elementor-widget elementor-widget-text-editor\" data-id=\"41ee15c\" data-element_type=\"widget\" data-widget_type=\"text-editor.default\">\n\t\t\t\t<div class=\"elementor-widget-container\">\n\t\t\t\t\t\t\t\t\t<div class=\"history_year\">2018<\/div>\t\t\t\t\t\t\t\t<\/div>\n\t\t\t\t<\/div>\n\t\t\t\t<\/div>\n\t\t<div class=\"elementor-element elementor-element-47041e5 e-con-full e-flex e-con e-child\" data-id=\"47041e5\" data-element_type=\"container\">\n\t\t\t\t<div class=\"elementor-element elementor-element-f80253f elementor-widget elementor-widget-text-editor\" data-id=\"f80253f\" data-element_type=\"widget\" data-widget_type=\"text-editor.default\">\n\t\t\t\t<div class=\"elementor-widget-container\">\n\t\t\t\t\t\t\t\t\tIm Jahr 2018 wurden Steve und sein Unternehmen (CC&amp;A Strategic Media) vom B\u00fcro des Generalstaatsanwalts von Maryland als Sachverst\u00e4ndige in den Bereichen digitales Reputationsmanagement und Google-Suchmaschinenergebnisse beauftragt. Dies f\u00fchrte zu einem Sieg in einem hochkar\u00e4tigen Verfahren gegen den Bundesstaat Maryland.\t\t\t\t\t\t\t\t<\/div>\n\t\t\t\t<\/div>\n\t\t\t\t<\/div>\n\t\t\t\t<\/div>\n\t\t\t\t<\/div>\n\t\t\t\t\t<\/div>\n\t\t\t\t<\/div>\n\t\t<div class=\"elementor-element elementor-element-3274046 e-flex e-con-boxed e-con e-parent\" data-id=\"3274046\" data-element_type=\"container\">\n\t\t\t\t\t<div class=\"e-con-inner\">\n\t\t<div class=\"elementor-element elementor-element-88a9e64 e-flex e-con-boxed e-con e-child\" data-id=\"88a9e64\" data-element_type=\"container\" data-settings=\"{&quot;background_background&quot;:&quot;classic&quot;}\">\n\t\t\t\t\t<div class=\"e-con-inner\">\n\t\t<div class=\"elementor-element elementor-element-d4aa70e e-con-full e-flex e-con e-child\" data-id=\"d4aa70e\" data-element_type=\"container\" data-settings=\"{&quot;background_background&quot;:&quot;classic&quot;}\">\n\t\t\t\t<div class=\"elementor-element elementor-element-facea2f elementor-hidden-desktop elementor-hidden-tablet elementor-widget elementor-widget-image\" data-id=\"facea2f\" data-element_type=\"widget\" data-widget_type=\"image.default\">\n\t\t\t\t<div class=\"elementor-widget-container\">\n\t\t\t\t\t\t\t\t\t\t\t\t\t\t\t<img decoding=\"async\" width=\"570\" height=\"540\" src=\"https:\/\/stephentaormino.com\/wp-content\/uploads\/2024\/07\/steve-aboutus-hero.png\" class=\"attachment-large size-large wp-image-94\" alt=\"\" srcset=\"https:\/\/stephentaormino.com\/wp-content\/uploads\/2024\/07\/steve-aboutus-hero.png 570w, https:\/\/stephentaormino.com\/wp-content\/uploads\/2024\/07\/steve-aboutus-hero-300x284.png 300w, https:\/\/stephentaormino.com\/wp-content\/uploads\/2024\/07\/steve-aboutus-hero-13x12.png 13w\" sizes=\"(max-width: 570px) 100vw, 570px\" \/>\t\t\t\t\t\t\t\t\t\t\t\t\t\t\t<\/div>\n\t\t\t\t<\/div>\n\t\t\t\t<div class=\"elementor-element elementor-element-af75f02 elementor-widget elementor-widget-text-editor\" data-id=\"af75f02\" data-element_type=\"widget\" data-widget_type=\"text-editor.default\">\n\t\t\t\t<div class=\"elementor-widget-container\">\n\t\t\t\t\t\t\t\t\t<div class=\"section_heading\">\n<h2>Was Steve <span class=\"alt_title_color\">ist bis heute<\/span><\/h2>\n<\/div>\t\t\t\t\t\t\t\t<\/div>\n\t\t\t\t<\/div>\n\t\t\t\t<div class=\"elementor-element elementor-element-8f2e157 elementor-widget elementor-widget-text-editor\" data-id=\"8f2e157\" data-element_type=\"widget\" data-widget_type=\"text-editor.default\">\n\t\t\t\t<div class=\"elementor-widget-container\">\n\t\t\t\t\t\t\t\t\tHeute ist Steve Taormino weiterhin als Redner f\u00fcr Unternehmen auf der ganzen Welt in den Bereichen Marketing, Werbung, Markenbildung, \u00d6ffentlichkeitsarbeit und Reputationsmanagement t\u00e4tig, mit dem einzigen Ziel, den Wohlstand von Unternehmen zu f\u00f6rdern. Er verf\u00fcgt \u00fcber ein tiefes Verst\u00e4ndnis und eine einzigartige Perspektive f\u00fcr Gesch\u00e4ftsstrategien und Marktdynamik. Indem er neue, kreative Ans\u00e4tze und L\u00f6sungen f\u00fcr gesch\u00e4ftliche Herausforderungen anbietet, hilft er Unternehmen, zuk\u00fcnftige Trends zu antizipieren und bereitet sie auf bevorstehende Ver\u00e4nderungen und Chancen vor.\t\t\t\t\t\t\t\t<\/div>\n\t\t\t\t<\/div>\n\t\t\t\t<\/div>\n\t\t\t\t\t<\/div>\n\t\t\t\t<\/div>\n\t\t\t\t\t<\/div>\n\t\t\t\t<\/div>\n\t\t<div class=\"elementor-element elementor-element-3213473 e-flex e-con-boxed e-con e-parent\" data-id=\"3213473\" data-element_type=\"container\" data-settings=\"{&quot;background_background&quot;:&quot;classic&quot;}\">\n\t\t\t\t\t<div class=\"e-con-inner\">\n\t\t\t\t<div class=\"elementor-element elementor-element-0826981 elementor-widget elementor-widget-image\" data-id=\"0826981\" data-element_type=\"widget\" data-widget_type=\"image.default\">\n\t\t\t\t<div class=\"elementor-widget-container\">\n\t\t\t\t\t\t\t\t\t\t\t\t\t\t\t<img decoding=\"async\" width=\"91\" height=\"91\" src=\"https:\/\/stephentaormino.com\/wp-content\/uploads\/2024\/07\/ms-icon.png\" class=\"attachment-large size-large wp-image-98\" alt=\"\" srcset=\"https:\/\/stephentaormino.com\/wp-content\/uploads\/2024\/07\/ms-icon.png 91w, https:\/\/stephentaormino.com\/wp-content\/uploads\/2024\/07\/ms-icon-12x12.png 12w\" sizes=\"(max-width: 91px) 100vw, 91px\" \/>\t\t\t\t\t\t\t\t\t\t\t\t\t\t\t<\/div>\n\t\t\t\t<\/div>\n\t\t\t\t<div class=\"elementor-element elementor-element-73d23dd elementor-widget elementor-widget-text-editor\" data-id=\"73d23dd\" data-element_type=\"widget\" data-widget_type=\"text-editor.default\">\n\t\t\t\t<div class=\"elementor-widget-container\">\n\t\t\t\t\t\t\t\t\t<div class=\"section_heading\">\n<h2>Mission <span class=\"alt_title_color\">Stellungnahme<\/span><\/h2>\n<\/div>\t\t\t\t\t\t\t\t<\/div>\n\t\t\t\t<\/div>\n\t\t<div class=\"elementor-element elementor-element-5b36ccb e-flex e-con-boxed e-con e-child\" data-id=\"5b36ccb\" data-element_type=\"container\">\n\t\t\t\t\t<div class=\"e-con-inner\">\n\t\t\t\t<div class=\"elementor-element elementor-element-acb5c1f elementor-widget elementor-widget-text-editor\" data-id=\"acb5c1f\" data-element_type=\"widget\" data-widget_type=\"text-editor.default\">\n\t\t\t\t<div class=\"elementor-widget-container\">\n\t\t\t\t\t\t\t\t\t<p><!--StartFragment --><span class=\"cf0\">Meine Mission ist es, die Kraft psychologischer Erkenntnisse zu nutzen, um die Art und Weise zu ver\u00e4ndern, wie Unternehmen an Marketing, Werbung, Markenbildung, \u00d6ffentlichkeitsarbeit und Reputationsmanagement herangehen. Durch Thought Leadership und strategische Vortr\u00e4ge m\u00f6chte ich Marken dabei helfen, mit ihren Zielgruppen auf einer tieferen, menschlicheren Ebene in Kontakt zu treten - auf der Grundlage von Empathie, Verhalten und der Wissenschaft, die hinter Entscheidungen steht. Jede Botschaft, jede Kampagne und jedes Engagement ist auf ein Ziel ausgerichtet: eine authentische Verbindung und dauerhaften Wohlstand f\u00fcr die Organisationen, f\u00fcr die ich arbeite.<\/span><!--EndFragment --><\/p>\t\t\t\t\t\t\t\t<\/div>\n\t\t\t\t<\/div>\n\t\t\t\t\t<\/div>\n\t\t\t\t<\/div>\n\t\t\t\t\t<\/div>\n\t\t\t\t<\/div>\n\t\t\t\t<\/div>","protected":false},"excerpt":{"rendered":"<p>Steve&#8217;s Expertise Known for his professionalism, credibility, and expertise, Steve delivers information in an approachable and relatable way. With years of dedicated experience and a wealth of knowledge in Marketing, Steve embodies authority, making him a sought-after voice at speaking events and conferences around the world. His journey is one of relentless pursuit, marked by [&hellip;]<\/p>","protected":false},"author":3,"featured_media":0,"parent":0,"menu_order":0,"comment_status":"closed","ping_status":"closed","template":"","meta":{"footnotes":""},"class_list":["post-78","page","type-page","status-publish","hentry"],"featured_image_src":null,"featured_image_src_square":null,"_links":{"self":[{"href":"https:\/\/stephentaormino.com\/de\/wp-json\/wp\/v2\/pages\/78","targetHints":{"allow":["GET"]}}],"collection":[{"href":"https:\/\/stephentaormino.com\/de\/wp-json\/wp\/v2\/pages"}],"about":[{"href":"https:\/\/stephentaormino.com\/de\/wp-json\/wp\/v2\/types\/page"}],"author":[{"embeddable":true,"href":"https:\/\/stephentaormino.com\/de\/wp-json\/wp\/v2\/users\/3"}],"replies":[{"embeddable":true,"href":"https:\/\/stephentaormino.com\/de\/wp-json\/wp\/v2\/comments?post=78"}],"version-history":[{"count":0,"href":"https:\/\/stephentaormino.com\/de\/wp-json\/wp\/v2\/pages\/78\/revisions"}],"wp:attachment":[{"href":"https:\/\/stephentaormino.com\/de\/wp-json\/wp\/v2\/media?parent=78"}],"curies":[{"name":"wp","href":"https:\/\/api.w.org\/{rel}","templated":true}]}}