{"id":78,"date":"2024-07-22T08:43:08","date_gmt":"2024-07-22T08:43:08","guid":{"rendered":"https:\/\/stephentaormino.com\/?page_id=78"},"modified":"2025-04-11T18:00:27","modified_gmt":"2025-04-11T18:00:27","slug":"about-steve","status":"publish","type":"page","link":"https:\/\/stephentaormino.com\/es\/about-steve\/","title":{"rendered":"Sobre Steve"},"content":{"rendered":"<div data-elementor-type=\"wp-page\" data-elementor-id=\"78\" class=\"elementor elementor-78\" data-elementor-post-type=\"page\">\n\t\t\t\t<div class=\"elementor-element elementor-element-7851e5e st_medium_banner e-flex e-con-boxed e-con e-parent\" data-id=\"7851e5e\" data-element_type=\"container\" data-settings=\"{&quot;background_background&quot;:&quot;classic&quot;}\">\n\t\t\t\t\t<div class=\"e-con-inner\">\n\t\t<div class=\"elementor-element elementor-element-b018c0c e-con-full e-flex e-con e-child\" data-id=\"b018c0c\" data-element_type=\"container\">\n\t\t\t\t<div class=\"elementor-element elementor-element-42f005f elementor-widget elementor-widget-shortcode\" data-id=\"42f005f\" data-element_type=\"widget\" data-widget_type=\"shortcode.default\">\n\t\t\t\t<div class=\"elementor-widget-container\">\n\t\t\t\t\t\t\t<div class=\"elementor-shortcode\"><div class=\"breadcrumbs\"><a href=\"https:\/\/stephentaormino.com\/es\/\">Inicio<\/a> <span class=\"chevron\">\"<\/span> <\/div><\/div>\n\t\t\t\t\t\t<\/div>\n\t\t\t\t<\/div>\n\t\t\t\t<\/div>\n\t\t<div class=\"elementor-element elementor-element-85666f0 e-con-full elementor-hidden-mobile e-flex e-con e-child\" data-id=\"85666f0\" data-element_type=\"container\">\n\t\t\t\t<div class=\"elementor-element elementor-element-f7439b7 elementor-widget elementor-widget-image\" data-id=\"f7439b7\" data-element_type=\"widget\" data-widget_type=\"image.default\">\n\t\t\t\t<div class=\"elementor-widget-container\">\n\t\t\t\t\t\t\t\t\t\t\t\t\t\t\t<img fetchpriority=\"high\" decoding=\"async\" width=\"333\" height=\"430\" src=\"https:\/\/stephentaormino.com\/wp-content\/uploads\/2024\/07\/steve-aboutbanner.png\" class=\"attachment-full size-full wp-image-84\" alt=\"\" srcset=\"https:\/\/stephentaormino.com\/wp-content\/uploads\/2024\/07\/steve-aboutbanner.png 333w, https:\/\/stephentaormino.com\/wp-content\/uploads\/2024\/07\/steve-aboutbanner-232x300.png 232w, https:\/\/stephentaormino.com\/wp-content\/uploads\/2024\/07\/steve-aboutbanner-9x12.png 9w\" sizes=\"(max-width: 333px) 100vw, 333px\" \/>\t\t\t\t\t\t\t\t\t\t\t\t\t\t\t<\/div>\n\t\t\t\t<\/div>\n\t\t\t\t<\/div>\n\t\t\t\t\t<\/div>\n\t\t\t\t<\/div>\n\t\t<div class=\"elementor-element elementor-element-09dfdc9 e-flex e-con-boxed e-con e-parent\" data-id=\"09dfdc9\" data-element_type=\"container\">\n\t\t\t\t\t<div class=\"e-con-inner\">\n\t\t\t\t<div class=\"elementor-element elementor-element-53bdecc elementor-widget elementor-widget-text-editor\" data-id=\"53bdecc\" data-element_type=\"widget\" data-widget_type=\"text-editor.default\">\n\t\t\t\t<div class=\"elementor-widget-container\">\n\t\t\t\t\t\t\t\t\t<div class=\"section_heading\">\n<h2>Steve's <span class=\"alt_title_color\">Experiencia<\/span><\/h2>\n<\/div>\t\t\t\t\t\t\t\t<\/div>\n\t\t\t\t<\/div>\n\t\t\t\t<div class=\"elementor-element elementor-element-e948504 elementor-widget elementor-widget-text-editor\" data-id=\"e948504\" data-element_type=\"widget\" data-widget_type=\"text-editor.default\">\n\t\t\t\t<div class=\"elementor-widget-container\">\n\t\t\t\t\t\t\t\t\t<p>Conocido por su profesionalismo, credibilidad y experiencia, Steve presenta la informaci\u00f3n de una manera accesible y relatable. Con a\u00f1os de experiencia dedicada y una gran cantidad de conocimientos en Marketing, Steve encarna la autoridad, lo que lo convierte en una voz muy buscada en eventos y conferencias alrededor del mundo. Su trayectoria es una de b\u00fasqueda incansable, marcada por innumerables compromisos en los que sus perspectivas han dejado una huella indeleble.\u00a0<\/p>\t\t\t\t\t\t\t\t<\/div>\n\t\t\t\t<\/div>\n\t\t\t\t\t<\/div>\n\t\t\t\t<\/div>\n\t\t<div class=\"elementor-element elementor-element-5ff4727 e-flex e-con-boxed e-con e-parent\" data-id=\"5ff4727\" data-element_type=\"container\" data-settings=\"{&quot;background_background&quot;:&quot;classic&quot;}\">\n\t\t\t\t\t<div class=\"e-con-inner\">\n\t\t\t\t<div class=\"elementor-element elementor-element-12d9335 elementor-widget elementor-widget-text-editor\" data-id=\"12d9335\" data-element_type=\"widget\" data-widget_type=\"text-editor.default\">\n\t\t\t\t<div class=\"elementor-widget-container\">\n\t\t\t\t\t\t\t\t\t<div class=\"section_heading\">\n<h2>Steve's <span class=\"alt_title_color\">Historia<\/span><\/h2>\n<\/div>\t\t\t\t\t\t\t\t<\/div>\n\t\t\t\t<\/div>\n\t\t<div class=\"elementor-element elementor-element-75171c1 e-con-full history_listing e-flex e-con e-child\" data-id=\"75171c1\" data-element_type=\"container\">\n\t\t<div class=\"elementor-element elementor-element-cde9d68 e-con-full e-flex e-con e-child\" data-id=\"cde9d68\" data-element_type=\"container\">\n\t\t<div class=\"elementor-element elementor-element-f0b42e4 e-con-full e-flex e-con e-child\" data-id=\"f0b42e4\" data-element_type=\"container\">\n\t\t\t\t<div class=\"elementor-element elementor-element-995f696 elementor-widget__width-auto elementor-widget elementor-widget-text-editor\" data-id=\"995f696\" data-element_type=\"widget\" data-widget_type=\"text-editor.default\">\n\t\t\t\t<div class=\"elementor-widget-container\">\n\t\t\t\t\t\t\t\t\t<div class=\"history_year\">1999<\/div>\t\t\t\t\t\t\t\t<\/div>\n\t\t\t\t<\/div>\n\t\t\t\t<\/div>\n\t\t<div class=\"elementor-element elementor-element-9fc5e94 e-con-full e-flex e-con e-child\" data-id=\"9fc5e94\" data-element_type=\"container\">\n\t\t\t\t<div class=\"elementor-element elementor-element-6923195 elementor-widget elementor-widget-text-editor\" data-id=\"6923195\" data-element_type=\"widget\" data-widget_type=\"text-editor.default\">\n\t\t\t\t<div class=\"elementor-widget-container\">\n\t\t\t\t\t\t\t\t\t<p>En 1999, Stephen Taormino fund\u00f3 su empresa (CC&amp;A Strategic Media) como empresa de dise\u00f1o de sitios web. CC&amp;A empez\u00f3 construyendo sitios web en HTML y animaci\u00f3n Flash y se fund\u00f3 originalmente con el nombre de CC&amp;A Web Development y m\u00e1s tarde cambi\u00f3 de marca.<\/p>\t\t\t\t\t\t\t\t<\/div>\n\t\t\t\t<\/div>\n\t\t\t\t<\/div>\n\t\t\t\t<\/div>\n\t\t<div class=\"elementor-element elementor-element-85edb30 e-con-full e-flex e-con e-child\" data-id=\"85edb30\" data-element_type=\"container\">\n\t\t<div class=\"elementor-element elementor-element-d3f98dd e-con-full e-flex e-con e-child\" data-id=\"d3f98dd\" data-element_type=\"container\">\n\t\t\t\t<div class=\"elementor-element elementor-element-3049c4c elementor-widget__width-auto elementor-widget elementor-widget-text-editor\" data-id=\"3049c4c\" data-element_type=\"widget\" data-widget_type=\"text-editor.default\">\n\t\t\t\t<div class=\"elementor-widget-container\">\n\t\t\t\t\t\t\t\t\t<div class=\"history_year\">2001<\/div>\t\t\t\t\t\t\t\t<\/div>\n\t\t\t\t<\/div>\n\t\t\t\t<\/div>\n\t\t<div class=\"elementor-element elementor-element-8f441ed e-con-full e-flex e-con e-child\" data-id=\"8f441ed\" data-element_type=\"container\">\n\t\t\t\t<div class=\"elementor-element elementor-element-185edd4 elementor-widget elementor-widget-text-editor\" data-id=\"185edd4\" data-element_type=\"widget\" data-widget_type=\"text-editor.default\">\n\t\t\t\t<div class=\"elementor-widget-container\">\n\t\t\t\t\t\t\t\t\tEn 2001, Steve reposicion\u00f3 estrat\u00e9gicamente CC&amp;A como una empresa de servicios completos de marketing y comunicaci\u00f3n especializada en comportamientos humanos y psicolog\u00eda del marketing. Adem\u00e1s del desarrollo de sitios web, Steve a\u00f1adi\u00f3 servicios de SEO y redes sociales.\t\t\t\t\t\t\t\t<\/div>\n\t\t\t\t<\/div>\n\t\t\t\t<\/div>\n\t\t\t\t<\/div>\n\t\t<div class=\"elementor-element elementor-element-99b797b e-con-full e-flex e-con e-child\" data-id=\"99b797b\" data-element_type=\"container\">\n\t\t<div class=\"elementor-element elementor-element-9ad9b91 e-con-full e-flex e-con e-child\" data-id=\"9ad9b91\" data-element_type=\"container\">\n\t\t\t\t<div class=\"elementor-element elementor-element-8a49a51 elementor-widget__width-auto elementor-widget elementor-widget-text-editor\" data-id=\"8a49a51\" data-element_type=\"widget\" data-widget_type=\"text-editor.default\">\n\t\t\t\t<div class=\"elementor-widget-container\">\n\t\t\t\t\t\t\t\t\t<div class=\"history_year\">2011<\/div>\t\t\t\t\t\t\t\t<\/div>\n\t\t\t\t<\/div>\n\t\t\t\t<\/div>\n\t\t<div class=\"elementor-element elementor-element-df52439 e-con-full e-flex e-con e-child\" data-id=\"df52439\" data-element_type=\"container\">\n\t\t\t\t<div class=\"elementor-element elementor-element-62de946 elementor-widget elementor-widget-text-editor\" data-id=\"62de946\" data-element_type=\"widget\" data-widget_type=\"text-editor.default\">\n\t\t\t\t<div class=\"elementor-widget-container\">\n\t\t\t\t\t\t\t\t\tEn 2011, Steve hab\u00eda conseguido premios, logros y el reconocimiento nacional de los principales medios de comunicaci\u00f3n, incluso presentando junto con el CMO de Yahoo sobre las mejores pr\u00e1cticas de marketing digital en la ciudad de Nueva York.\t\t\t\t\t\t\t\t<\/div>\n\t\t\t\t<\/div>\n\t\t\t\t<\/div>\n\t\t\t\t<\/div>\n\t\t<div class=\"elementor-element elementor-element-dc9b96d e-con-full e-flex e-con e-child\" data-id=\"dc9b96d\" data-element_type=\"container\">\n\t\t<div class=\"elementor-element elementor-element-ae21f83 e-con-full e-flex e-con e-child\" data-id=\"ae21f83\" data-element_type=\"container\">\n\t\t\t\t<div class=\"elementor-element elementor-element-596ce25 elementor-widget__width-auto elementor-widget elementor-widget-text-editor\" data-id=\"596ce25\" data-element_type=\"widget\" data-widget_type=\"text-editor.default\">\n\t\t\t\t<div class=\"elementor-widget-container\">\n\t\t\t\t\t\t\t\t\t<div class=\"history_year\">2014<\/div>\t\t\t\t\t\t\t\t<\/div>\n\t\t\t\t<\/div>\n\t\t\t\t<\/div>\n\t\t<div class=\"elementor-element elementor-element-53ce3f4 e-con-full e-flex e-con e-child\" data-id=\"53ce3f4\" data-element_type=\"container\">\n\t\t\t\t<div class=\"elementor-element elementor-element-1bb9222 elementor-widget elementor-widget-text-editor\" data-id=\"1bb9222\" data-element_type=\"widget\" data-widget_type=\"text-editor.default\">\n\t\t\t\t<div class=\"elementor-widget-container\">\n\t\t\t\t\t\t\t\t\tEn 2014, Steve Taormino fue invitado a participar en una delegaci\u00f3n internacional de veinte directores generales que viaj\u00f3 a Cuba para reunirse con funcionarios del Gobierno y debatir sobre las mejores pr\u00e1cticas empresariales y estrategias de marketing para atraer a empresas estadounidenses.\t\t\t\t\t\t\t\t<\/div>\n\t\t\t\t<\/div>\n\t\t\t\t<\/div>\n\t\t\t\t<\/div>\n\t\t<div class=\"elementor-element elementor-element-8af35cc e-con-full e-flex e-con e-child\" data-id=\"8af35cc\" data-element_type=\"container\">\n\t\t<div class=\"elementor-element elementor-element-2a61d20 e-con-full e-flex e-con e-child\" data-id=\"2a61d20\" data-element_type=\"container\">\n\t\t\t\t<div class=\"elementor-element elementor-element-41ee15c elementor-widget__width-auto elementor-widget elementor-widget-text-editor\" data-id=\"41ee15c\" data-element_type=\"widget\" data-widget_type=\"text-editor.default\">\n\t\t\t\t<div class=\"elementor-widget-container\">\n\t\t\t\t\t\t\t\t\t<div class=\"history_year\">2018<\/div>\t\t\t\t\t\t\t\t<\/div>\n\t\t\t\t<\/div>\n\t\t\t\t<\/div>\n\t\t<div class=\"elementor-element elementor-element-47041e5 e-con-full e-flex e-con e-child\" data-id=\"47041e5\" data-element_type=\"container\">\n\t\t\t\t<div class=\"elementor-element elementor-element-f80253f elementor-widget elementor-widget-text-editor\" data-id=\"f80253f\" data-element_type=\"widget\" data-widget_type=\"text-editor.default\">\n\t\t\t\t<div class=\"elementor-widget-container\">\n\t\t\t\t\t\t\t\t\tEn 2018, Steve y su empresa (CC&amp;A Strategic Media) fueron contratados por la oficina del Fiscal General de Maryland como testigos expertos en las \u00e1reas de gesti\u00f3n de reputaci\u00f3n digital y resultados del motor de b\u00fasqueda de Google. Esto termin\u00f3 siendo una victoria para un caso de alto perfil contra el Estado de Maryland.\t\t\t\t\t\t\t\t<\/div>\n\t\t\t\t<\/div>\n\t\t\t\t<\/div>\n\t\t\t\t<\/div>\n\t\t\t\t<\/div>\n\t\t\t\t\t<\/div>\n\t\t\t\t<\/div>\n\t\t<div class=\"elementor-element elementor-element-3274046 e-flex e-con-boxed e-con e-parent\" data-id=\"3274046\" data-element_type=\"container\">\n\t\t\t\t\t<div class=\"e-con-inner\">\n\t\t<div class=\"elementor-element elementor-element-88a9e64 e-flex e-con-boxed e-con e-child\" data-id=\"88a9e64\" data-element_type=\"container\" data-settings=\"{&quot;background_background&quot;:&quot;classic&quot;}\">\n\t\t\t\t\t<div class=\"e-con-inner\">\n\t\t<div class=\"elementor-element elementor-element-d4aa70e e-con-full e-flex e-con e-child\" data-id=\"d4aa70e\" data-element_type=\"container\" data-settings=\"{&quot;background_background&quot;:&quot;classic&quot;}\">\n\t\t\t\t<div class=\"elementor-element elementor-element-facea2f elementor-hidden-desktop elementor-hidden-tablet elementor-widget elementor-widget-image\" data-id=\"facea2f\" data-element_type=\"widget\" data-widget_type=\"image.default\">\n\t\t\t\t<div class=\"elementor-widget-container\">\n\t\t\t\t\t\t\t\t\t\t\t\t\t\t\t<img decoding=\"async\" width=\"570\" height=\"540\" src=\"https:\/\/stephentaormino.com\/wp-content\/uploads\/2024\/07\/steve-aboutus-hero.png\" class=\"attachment-large size-large wp-image-94\" alt=\"\" srcset=\"https:\/\/stephentaormino.com\/wp-content\/uploads\/2024\/07\/steve-aboutus-hero.png 570w, https:\/\/stephentaormino.com\/wp-content\/uploads\/2024\/07\/steve-aboutus-hero-300x284.png 300w, https:\/\/stephentaormino.com\/wp-content\/uploads\/2024\/07\/steve-aboutus-hero-13x12.png 13w\" sizes=\"(max-width: 570px) 100vw, 570px\" \/>\t\t\t\t\t\t\t\t\t\t\t\t\t\t\t<\/div>\n\t\t\t\t<\/div>\n\t\t\t\t<div class=\"elementor-element elementor-element-af75f02 elementor-widget elementor-widget-text-editor\" data-id=\"af75f02\" data-element_type=\"widget\" data-widget_type=\"text-editor.default\">\n\t\t\t\t<div class=\"elementor-widget-container\">\n\t\t\t\t\t\t\t\t\t<div class=\"section_heading\">\n<h2>Lo que Steve <span class=\"alt_title_color\">es hasta hoy<\/span><\/h2>\n<\/div>\t\t\t\t\t\t\t\t<\/div>\n\t\t\t\t<\/div>\n\t\t\t\t<div class=\"elementor-element elementor-element-8f2e157 elementor-widget elementor-widget-text-editor\" data-id=\"8f2e157\" data-element_type=\"widget\" data-widget_type=\"text-editor.default\">\n\t\t\t\t<div class=\"elementor-widget-container\">\n\t\t\t\t\t\t\t\t\tEn la actualidad, Steve Taormino sigue actuando como conferenciante para empresas de todo el mundo en las \u00e1reas de marketing, publicidad, creaci\u00f3n de marcas, relaciones p\u00fablicas y gesti\u00f3n de la reputaci\u00f3n con el singular prop\u00f3sito de crear prosperidad organizativa. Demuestra un profundo conocimiento y una perspectiva \u00fanica de las estrategias empresariales y la din\u00e1mica del mercado. Al ofrecer enfoques y soluciones frescos y creativos a los retos empresariales, Steve ayuda a las organizaciones a anticiparse a las tendencias futuras y prepara a las empresas para los cambios y oportunidades que se avecinan.\t\t\t\t\t\t\t\t<\/div>\n\t\t\t\t<\/div>\n\t\t\t\t<\/div>\n\t\t\t\t\t<\/div>\n\t\t\t\t<\/div>\n\t\t\t\t\t<\/div>\n\t\t\t\t<\/div>\n\t\t<div class=\"elementor-element elementor-element-3213473 e-flex e-con-boxed e-con e-parent\" data-id=\"3213473\" data-element_type=\"container\" data-settings=\"{&quot;background_background&quot;:&quot;classic&quot;}\">\n\t\t\t\t\t<div class=\"e-con-inner\">\n\t\t\t\t<div class=\"elementor-element elementor-element-0826981 elementor-widget elementor-widget-image\" data-id=\"0826981\" data-element_type=\"widget\" data-widget_type=\"image.default\">\n\t\t\t\t<div class=\"elementor-widget-container\">\n\t\t\t\t\t\t\t\t\t\t\t\t\t\t\t<img decoding=\"async\" width=\"91\" height=\"91\" src=\"https:\/\/stephentaormino.com\/wp-content\/uploads\/2024\/07\/ms-icon.png\" class=\"attachment-large size-large wp-image-98\" alt=\"\" srcset=\"https:\/\/stephentaormino.com\/wp-content\/uploads\/2024\/07\/ms-icon.png 91w, https:\/\/stephentaormino.com\/wp-content\/uploads\/2024\/07\/ms-icon-12x12.png 12w\" sizes=\"(max-width: 91px) 100vw, 91px\" \/>\t\t\t\t\t\t\t\t\t\t\t\t\t\t\t<\/div>\n\t\t\t\t<\/div>\n\t\t\t\t<div class=\"elementor-element elementor-element-73d23dd elementor-widget elementor-widget-text-editor\" data-id=\"73d23dd\" data-element_type=\"widget\" data-widget_type=\"text-editor.default\">\n\t\t\t\t<div class=\"elementor-widget-container\">\n\t\t\t\t\t\t\t\t\t<div class=\"section_heading\">\n<h2>Misi\u00f3n <span class=\"alt_title_color\">Declaraci\u00f3n<\/span><\/h2>\n<\/div>\t\t\t\t\t\t\t\t<\/div>\n\t\t\t\t<\/div>\n\t\t<div class=\"elementor-element elementor-element-5b36ccb e-flex e-con-boxed e-con e-child\" data-id=\"5b36ccb\" data-element_type=\"container\">\n\t\t\t\t\t<div class=\"e-con-inner\">\n\t\t\t\t<div class=\"elementor-element elementor-element-acb5c1f elementor-widget elementor-widget-text-editor\" data-id=\"acb5c1f\" data-element_type=\"widget\" data-widget_type=\"text-editor.default\">\n\t\t\t\t<div class=\"elementor-widget-container\">\n\t\t\t\t\t\t\t\t\t<p><!--StartFragment --><span class=\"cf0\">Mi misi\u00f3n es aprovechar el poder del conocimiento psicol\u00f3gico para transformar la forma en que las organizaciones abordan el marketing, la publicidad, la creaci\u00f3n de marcas, las relaciones p\u00fablicas y la gesti\u00f3n de la reputaci\u00f3n. A trav\u00e9s del liderazgo intelectual y de conferencias estrat\u00e9gicas, mi objetivo es ayudar a las marcas a conectar con su p\u00fablico a un nivel m\u00e1s profundo y humano, basado en la empat\u00eda, el comportamiento y la ciencia que subyace a la toma de decisiones. Cada mensaje, cada campa\u00f1a y cada compromiso se dise\u00f1an con un prop\u00f3sito en mente: impulsar una conexi\u00f3n aut\u00e9ntica y una prosperidad duradera para las organizaciones a las que presto mis servicios.<\/span><!--EndFragment --><\/p>\t\t\t\t\t\t\t\t<\/div>\n\t\t\t\t<\/div>\n\t\t\t\t\t<\/div>\n\t\t\t\t<\/div>\n\t\t\t\t\t<\/div>\n\t\t\t\t<\/div>\n\t\t\t\t<\/div>","protected":false},"excerpt":{"rendered":"<p>Steve&#8217;s Expertise Known for his professionalism, credibility, and expertise, Steve delivers information in an approachable and relatable way. With years of dedicated experience and a wealth of knowledge in Marketing, Steve embodies authority, making him a sought-after voice at speaking events and conferences around the world. His journey is one of relentless pursuit, marked by [&hellip;]<\/p>","protected":false},"author":3,"featured_media":0,"parent":0,"menu_order":0,"comment_status":"closed","ping_status":"closed","template":"","meta":{"footnotes":""},"class_list":["post-78","page","type-page","status-publish","hentry"],"featured_image_src":null,"featured_image_src_square":null,"_links":{"self":[{"href":"https:\/\/stephentaormino.com\/es\/wp-json\/wp\/v2\/pages\/78","targetHints":{"allow":["GET"]}}],"collection":[{"href":"https:\/\/stephentaormino.com\/es\/wp-json\/wp\/v2\/pages"}],"about":[{"href":"https:\/\/stephentaormino.com\/es\/wp-json\/wp\/v2\/types\/page"}],"author":[{"embeddable":true,"href":"https:\/\/stephentaormino.com\/es\/wp-json\/wp\/v2\/users\/3"}],"replies":[{"embeddable":true,"href":"https:\/\/stephentaormino.com\/es\/wp-json\/wp\/v2\/comments?post=78"}],"version-history":[{"count":0,"href":"https:\/\/stephentaormino.com\/es\/wp-json\/wp\/v2\/pages\/78\/revisions"}],"wp:attachment":[{"href":"https:\/\/stephentaormino.com\/es\/wp-json\/wp\/v2\/media?parent=78"}],"curies":[{"name":"wp","href":"https:\/\/api.w.org\/{rel}","templated":true}]}}