{"id":113,"date":"2024-07-23T12:43:53","date_gmt":"2024-07-23T12:43:53","guid":{"rendered":"https:\/\/stephentaormino.com\/?page_id=113"},"modified":"2025-01-03T18:55:30","modified_gmt":"2025-01-03T18:55:30","slug":"keynotes","status":"publish","type":"page","link":"https:\/\/stephentaormino.com\/fr\/keynotes\/","title":{"rendered":"Discours d'ouverture"},"content":{"rendered":"<div data-elementor-type=\"wp-page\" data-elementor-id=\"113\" class=\"elementor elementor-113\" data-elementor-post-type=\"page\">\n\t\t\t\t<div class=\"elementor-element elementor-element-509756a st_medium_banner e-flex e-con-boxed e-con e-parent\" data-id=\"509756a\" data-element_type=\"container\" data-settings=\"{&quot;background_background&quot;:&quot;classic&quot;}\">\n\t\t\t\t\t<div class=\"e-con-inner\">\n\t\t<div class=\"elementor-element elementor-element-c34095f e-con-full e-flex e-con e-child\" data-id=\"c34095f\" data-element_type=\"container\">\n\t\t\t\t<div class=\"elementor-element elementor-element-d9dc4bf elementor-widget elementor-widget-shortcode\" data-id=\"d9dc4bf\" data-element_type=\"widget\" data-widget_type=\"shortcode.default\">\n\t\t\t\t<div class=\"elementor-widget-container\">\n\t\t\t\t\t\t\t<div class=\"elementor-shortcode\"><div class=\"breadcrumbs\"><a href=\"https:\/\/stephentaormino.com\/fr\/\">Accueil<\/a> <span class=\"chevron\">\"<\/span> Ev\u00e9nements <span class=\"chevron\">\"<\/span> <\/div><\/div>\n\t\t\t\t\t\t<\/div>\n\t\t\t\t<\/div>\n\t\t\t\t<\/div>\n\t\t\t\t\t<\/div>\n\t\t\t\t<\/div>\n\t\t<div class=\"elementor-element elementor-element-bf55eda e-flex e-con-boxed e-con e-parent\" data-id=\"bf55eda\" data-element_type=\"container\" data-settings=\"{&quot;background_background&quot;:&quot;classic&quot;}\">\n\t\t\t\t\t<div class=\"e-con-inner\">\n\t\t<div class=\"elementor-element elementor-element-1b0c553 e-con-full e-flex e-con e-child\" data-id=\"1b0c553\" data-element_type=\"container\" data-settings=\"{&quot;background_background&quot;:&quot;classic&quot;}\">\n\t\t<div class=\"elementor-element elementor-element-1b1cb4c e-con-full e-flex e-con e-child\" data-id=\"1b1cb4c\" data-element_type=\"container\" data-settings=\"{&quot;background_background&quot;:&quot;classic&quot;}\">\n\t\t\t\t<div class=\"elementor-element elementor-element-9bb8e96 elementor-hidden-desktop elementor-widget elementor-widget-image\" data-id=\"9bb8e96\" data-element_type=\"widget\" data-widget_type=\"image.default\">\n\t\t\t\t<div class=\"elementor-widget-container\">\n\t\t\t\t\t\t\t\t\t\t\t\t\t\t\t<img fetchpriority=\"high\" decoding=\"async\" width=\"670\" height=\"670\" src=\"https:\/\/stephentaormino.com\/wp-content\/uploads\/2024\/07\/keynote-sec1-thumb.png\" class=\"attachment-large size-large wp-image-117\" alt=\"\" srcset=\"https:\/\/stephentaormino.com\/wp-content\/uploads\/2024\/07\/keynote-sec1-thumb.png 670w, https:\/\/stephentaormino.com\/wp-content\/uploads\/2024\/07\/keynote-sec1-thumb-300x300.png 300w, https:\/\/stephentaormino.com\/wp-content\/uploads\/2024\/07\/keynote-sec1-thumb-150x150.png 150w, https:\/\/stephentaormino.com\/wp-content\/uploads\/2024\/07\/keynote-sec1-thumb-12x12.png 12w, https:\/\/stephentaormino.com\/wp-content\/uploads\/2024\/07\/keynote-sec1-thumb-600x600.png 600w\" sizes=\"(max-width: 670px) 100vw, 670px\" \/>\t\t\t\t\t\t\t\t\t\t\t\t\t\t\t<\/div>\n\t\t\t\t<\/div>\n\t\t\t\t<div class=\"elementor-element elementor-element-2589931 elementor-widget elementor-widget-text-editor\" data-id=\"2589931\" data-element_type=\"widget\" data-widget_type=\"text-editor.default\">\n\t\t\t\t<div class=\"elementor-widget-container\">\n\t\t\t\t\t\t\t\t\t<div class=\"redhighlight\">STEVE TAORMINO<\/div>\t\t\t\t\t\t\t\t<\/div>\n\t\t\t\t<\/div>\n\t\t\t\t<div class=\"elementor-element elementor-element-11d8e7c elementor-widget elementor-widget-heading\" data-id=\"11d8e7c\" data-element_type=\"widget\" data-widget_type=\"heading.default\">\n\t\t\t\t<div class=\"elementor-widget-container\">\n\t\t\t\t\t<h3 class=\"elementor-heading-title elementor-size-default\">Discours d'ouverture<\/h3>\t\t\t\t<\/div>\n\t\t\t\t<\/div>\n\t\t\t\t<div class=\"elementor-element elementor-element-1dc7d36 elementor-widget elementor-widget-text-editor\" data-id=\"1dc7d36\" data-element_type=\"widget\" data-widget_type=\"text-editor.default\">\n\t\t\t\t<div class=\"elementor-widget-container\">\n\t\t\t\t\t\t\t\t\tDes conf\u00e9rences d'entreprise aux sommets \u00e9ducatifs, en passant par tout ce qui se trouve entre les deux, <span class=\"color_red\">Steve Taormino's<\/span> apporte une perspective unique et une richesse d'id\u00e9es \u00e0 tout \u00e9v\u00e9nement. Pr\u00e9parez-vous \u00e0 \u00eatre inform\u00e9s, engag\u00e9s et inspir\u00e9s alors qu'il vous emm\u00e8ne sur le chemin de la d\u00e9couverte et de la transformation. \u00c9levez votre \u00e9v\u00e9nement gr\u00e2ce \u00e0 la pr\u00e9sence dynamique d'un conf\u00e9rencier chevronn\u00e9, qui donnera le ton d'une exp\u00e9rience inoubliable.\t\t\t\t\t\t\t\t<\/div>\n\t\t\t\t<\/div>\n\t\t\t\t<\/div>\n\t\t\t\t<\/div>\n\t\t\t\t\t<\/div>\n\t\t\t\t<\/div>\n\t\t<div class=\"elementor-element elementor-element-78efdea e-flex e-con-boxed e-con e-parent\" data-id=\"78efdea\" data-element_type=\"container\" data-settings=\"{&quot;background_background&quot;:&quot;classic&quot;}\">\n\t\t\t\t\t<div class=\"e-con-inner\">\n\t\t<div class=\"elementor-element elementor-element-c286fc7 e-con-full e-flex e-con e-child\" data-id=\"c286fc7\" data-element_type=\"container\" data-settings=\"{&quot;background_background&quot;:&quot;classic&quot;}\">\n\t\t<div class=\"elementor-element elementor-element-fdb8143 e-con-full e-flex e-con e-child\" data-id=\"fdb8143\" data-element_type=\"container\" data-settings=\"{&quot;background_background&quot;:&quot;classic&quot;}\">\n\t\t\t\t<div class=\"elementor-element elementor-element-c9ba7c3 elementor-hidden-desktop elementor-widget elementor-widget-image\" data-id=\"c9ba7c3\" data-element_type=\"widget\" data-widget_type=\"image.default\">\n\t\t\t\t<div class=\"elementor-widget-container\">\n\t\t\t\t\t\t\t\t\t\t\t\t\t\t\t<img decoding=\"async\" width=\"670\" height=\"670\" src=\"https:\/\/stephentaormino.com\/wp-content\/uploads\/2024\/07\/keynote-sec2-thumb.png\" class=\"attachment-large size-large wp-image-120\" alt=\"\" srcset=\"https:\/\/stephentaormino.com\/wp-content\/uploads\/2024\/07\/keynote-sec2-thumb.png 670w, https:\/\/stephentaormino.com\/wp-content\/uploads\/2024\/07\/keynote-sec2-thumb-300x300.png 300w, https:\/\/stephentaormino.com\/wp-content\/uploads\/2024\/07\/keynote-sec2-thumb-150x150.png 150w, https:\/\/stephentaormino.com\/wp-content\/uploads\/2024\/07\/keynote-sec2-thumb-12x12.png 12w, https:\/\/stephentaormino.com\/wp-content\/uploads\/2024\/07\/keynote-sec2-thumb-600x600.png 600w\" sizes=\"(max-width: 670px) 100vw, 670px\" \/>\t\t\t\t\t\t\t\t\t\t\t\t\t\t\t<\/div>\n\t\t\t\t<\/div>\n\t\t\t\t<div class=\"elementor-element elementor-element-8c02417 elementor-widget elementor-widget-text-editor\" data-id=\"8c02417\" data-element_type=\"widget\" data-widget_type=\"text-editor.default\">\n\t\t\t\t<div class=\"elementor-widget-container\">\n\t\t\t\t\t\t\t\t\t<div class=\"redhighlight\">TH\u00c8MES PRINCIPAUX<\/div>\t\t\t\t\t\t\t\t<\/div>\n\t\t\t\t<\/div>\n\t\t\t\t<div class=\"elementor-element elementor-element-e713114 elementor-widget elementor-widget-heading\" data-id=\"e713114\" data-element_type=\"widget\" data-widget_type=\"heading.default\">\n\t\t\t\t<div class=\"elementor-widget-container\">\n\t\t\t\t\t<h3 class=\"elementor-heading-title elementor-size-default\">Ce dont Steve parle<\/h3>\t\t\t\t<\/div>\n\t\t\t\t<\/div>\n\t\t\t\t<div class=\"elementor-element elementor-element-e710db1 elementor-widget elementor-widget-text-editor\" data-id=\"e710db1\" data-element_type=\"widget\" data-widget_type=\"text-editor.default\">\n\t\t\t\t<div class=\"elementor-widget-container\">\n\t\t\t\t\t\t\t\t\t<ul class=\"bullet_star\"><li><strong>La psychologie des d\u00e9cisions d'achat :<\/strong> D\u00e9couvrez les d\u00e9clencheurs cach\u00e9s qui d\u00e9terminent le comportement des clients et apprenez \u00e0 r\u00e9diger des messages qui r\u00e9sonnent \u00e0 un niveau \u00e9motionnel plus profond.<\/li><li><strong>Les ventes strat\u00e9giques gr\u00e2ce aux connaissances comportementales :<\/strong> Transformez votre processus de vente en comprenant la science qui sous-tend l'influence, la persuasion et la prise de d\u00e9cision.<\/li><li><strong>Renforcer la croissance gr\u00e2ce \u00e0 l'engagement \u00e9motionnel :<\/strong> Tirer parti des principes psychologiques pour cr\u00e9er des liens significatifs, inspirer la loyaut\u00e9 et favoriser la r\u00e9ussite \u00e0 long terme.<\/li><\/ul>\t\t\t\t\t\t\t\t<\/div>\n\t\t\t\t<\/div>\n\t\t\t\t<\/div>\n\t\t\t\t<\/div>\n\t\t\t\t<div class=\"elementor-element elementor-element-100d96f elementor-widget elementor-widget-spacer\" data-id=\"100d96f\" data-element_type=\"widget\" data-widget_type=\"spacer.default\">\n\t\t\t\t<div class=\"elementor-widget-container\">\n\t\t\t\t\t\t\t<div class=\"elementor-spacer\">\n\t\t\t<div class=\"elementor-spacer-inner\"><\/div>\n\t\t<\/div>\n\t\t\t\t\t\t<\/div>\n\t\t\t\t<\/div>\n\t\t\t\t\t<\/div>\n\t\t\t\t<\/div>\n\t\t<div class=\"elementor-element elementor-element-e3d29d3 e-flex e-con-boxed e-con e-parent\" data-id=\"e3d29d3\" data-element_type=\"container\">\n\t\t\t\t\t<div class=\"e-con-inner\">\n\t\t\t\t<div class=\"elementor-element elementor-element-45ca05d elementor-widget elementor-widget-text-editor\" data-id=\"45ca05d\" data-element_type=\"widget\" data-widget_type=\"text-editor.default\">\n\t\t\t\t<div class=\"elementor-widget-container\">\n\t\t\t\t\t\t\t\t\t<div class=\"section_heading\">\n<h3>Parler <span class=\"alt_title_color\">Engagement <\/span> Offres<\/h3>\n<\/div>\t\t\t\t\t\t\t\t<\/div>\n\t\t\t\t<\/div>\n\t\t<div class=\"elementor-element elementor-element-3678a77 e-con-full e-flex e-con e-child\" data-id=\"3678a77\" data-element_type=\"container\">\n\t\t\t\t<div class=\"elementor-element elementor-element-95073e3 elementor-widget elementor-widget-text-editor\" data-id=\"95073e3\" data-element_type=\"widget\" data-widget_type=\"text-editor.default\">\n\t\t\t\t<div class=\"elementor-widget-container\">\n\t\t\t\t\t\t\t\t\t<p><span style=\"white-space-collapse: preserve;\">Steve ne se contente pas d'offrir des conf\u00e9rences de qualit\u00e9 et informatives dans le cadre de webinaires, il peut \u00e9galement \u00eatre invit\u00e9 \u00e0 participer \u00e0 d'autres \u00e9v\u00e9nements organis\u00e9s par votre organisation. D\u00e9couvrez les autres types d'\u00e9v\u00e9nements pour lesquels il peut intervenir<\/span><\/p>\t\t\t\t\t\t\t\t<\/div>\n\t\t\t\t<\/div>\n\t\t\t\t<\/div>\n\t\t<div class=\"elementor-element elementor-element-135502b e-con-full e-flex e-con e-child\" data-id=\"135502b\" data-element_type=\"container\">\n\t\t<div class=\"elementor-element elementor-element-261bd81 e-con-full e-flex e-con e-child\" data-id=\"261bd81\" data-element_type=\"container\">\n\t\t<div class=\"elementor-element elementor-element-3dc0ae2 e-con-full e-flex e-con e-child\" data-id=\"3dc0ae2\" data-element_type=\"container\" data-settings=\"{&quot;background_background&quot;:&quot;classic&quot;}\">\n\t\t\t\t<div class=\"elementor-element elementor-element-4f59f22 elementor-icon-list--layout-traditional elementor-list-item-link-full_width elementor-widget elementor-widget-icon-list\" data-id=\"4f59f22\" data-element_type=\"widget\" data-widget_type=\"icon-list.default\">\n\t\t\t\t<div class=\"elementor-widget-container\">\n\t\t\t\t\t\t\t<ul class=\"elementor-icon-list-items\">\n\t\t\t\t\t\t\t<li class=\"elementor-icon-list-item\">\n\t\t\t\t\t\t\t\t\t\t\t<span class=\"elementor-icon-list-icon\">\n\t\t\t\t\t\t\t<svg xmlns=\"http:\/\/www.w3.org\/2000\/svg\" width=\"22\" height=\"20\" viewbox=\"0 0 22 20\" fill=\"none\"><path fill-rule=\"evenodd\" clip-rule=\"evenodd\" d=\"M10.5148 0L13.4089 7.07249L21.0296 7.63931L15.1977 12.5772L17.0133 20L10.5148 15.9794L4.01629 20L5.83208 12.5772L0 7.63931L7.62065 7.07249L10.5148 0Z\" fill=\"#C60F2D\"><\/path><\/svg>\t\t\t\t\t\t<\/span>\n\t\t\t\t\t\t\t\t\t\t<span class=\"elementor-icon-list-text\">Discours d'ouverture<\/span>\n\t\t\t\t\t\t\t\t\t<\/li>\n\t\t\t\t\t\t<\/ul>\n\t\t\t\t\t\t<\/div>\n\t\t\t\t<\/div>\n\t\t\t\t<div class=\"elementor-element elementor-element-cd031df elementor-widget elementor-widget-text-editor\" data-id=\"cd031df\" data-element_type=\"widget\" data-widget_type=\"text-editor.default\">\n\t\t\t\t<div class=\"elementor-widget-container\">\n\t\t\t\t\t\t\t\t\tExpos\u00e9s inspirants lors de conf\u00e9rences ou d'\u00e9v\u00e9nements.\t\t\t\t\t\t\t\t<\/div>\n\t\t\t\t<\/div>\n\t\t\t\t<\/div>\n\t\t<div class=\"elementor-element elementor-element-e6876ee e-con-full e-flex e-con e-child\" data-id=\"e6876ee\" data-element_type=\"container\" data-settings=\"{&quot;background_background&quot;:&quot;classic&quot;}\">\n\t\t\t\t<div class=\"elementor-element elementor-element-af172ae elementor-icon-list--layout-traditional elementor-list-item-link-full_width elementor-widget elementor-widget-icon-list\" data-id=\"af172ae\" data-element_type=\"widget\" data-widget_type=\"icon-list.default\">\n\t\t\t\t<div class=\"elementor-widget-container\">\n\t\t\t\t\t\t\t<ul class=\"elementor-icon-list-items\">\n\t\t\t\t\t\t\t<li class=\"elementor-icon-list-item\">\n\t\t\t\t\t\t\t\t\t\t\t<span class=\"elementor-icon-list-icon\">\n\t\t\t\t\t\t\t<svg xmlns=\"http:\/\/www.w3.org\/2000\/svg\" width=\"22\" height=\"20\" viewbox=\"0 0 22 20\" fill=\"none\"><path fill-rule=\"evenodd\" clip-rule=\"evenodd\" d=\"M10.5148 0L13.4089 7.07249L21.0296 7.63931L15.1977 12.5772L17.0133 20L10.5148 15.9794L4.01629 20L5.83208 12.5772L0 7.63931L7.62065 7.07249L10.5148 0Z\" fill=\"#C60F2D\"><\/path><\/svg>\t\t\t\t\t\t<\/span>\n\t\t\t\t\t\t\t\t\t\t<span class=\"elementor-icon-list-text\">Discussions en panel<\/span>\n\t\t\t\t\t\t\t\t\t<\/li>\n\t\t\t\t\t\t<\/ul>\n\t\t\t\t\t\t<\/div>\n\t\t\t\t<\/div>\n\t\t\t\t<div class=\"elementor-element elementor-element-edb1cb4 elementor-widget elementor-widget-text-editor\" data-id=\"edb1cb4\" data-element_type=\"widget\" data-widget_type=\"text-editor.default\">\n\t\t\t\t<div class=\"elementor-widget-container\">\n\t\t\t\t\t\t\t\t\tConversations entre experts sur un sujet sp\u00e9cifique.\t\t\t\t\t\t\t\t<\/div>\n\t\t\t\t<\/div>\n\t\t\t\t<\/div>\n\t\t<div class=\"elementor-element elementor-element-6fe028f e-con-full e-flex e-con e-child\" data-id=\"6fe028f\" data-element_type=\"container\" data-settings=\"{&quot;background_background&quot;:&quot;classic&quot;}\">\n\t\t\t\t<div class=\"elementor-element elementor-element-d60ff70 elementor-icon-list--layout-traditional elementor-list-item-link-full_width elementor-widget elementor-widget-icon-list\" data-id=\"d60ff70\" data-element_type=\"widget\" data-widget_type=\"icon-list.default\">\n\t\t\t\t<div class=\"elementor-widget-container\">\n\t\t\t\t\t\t\t<ul class=\"elementor-icon-list-items\">\n\t\t\t\t\t\t\t<li class=\"elementor-icon-list-item\">\n\t\t\t\t\t\t\t\t\t\t\t<span class=\"elementor-icon-list-icon\">\n\t\t\t\t\t\t\t<svg xmlns=\"http:\/\/www.w3.org\/2000\/svg\" width=\"22\" height=\"20\" viewbox=\"0 0 22 20\" fill=\"none\"><path fill-rule=\"evenodd\" clip-rule=\"evenodd\" d=\"M10.5148 0L13.4089 7.07249L21.0296 7.63931L15.1977 12.5772L17.0133 20L10.5148 15.9794L4.01629 20L5.83208 12.5772L0 7.63931L7.62065 7.07249L10.5148 0Z\" fill=\"#C60F2D\"><\/path><\/svg>\t\t\t\t\t\t<\/span>\n\t\t\t\t\t\t\t\t\t\t<span class=\"elementor-icon-list-text\">S\u00e9minaires<\/span>\n\t\t\t\t\t\t\t\t\t<\/li>\n\t\t\t\t\t\t<\/ul>\n\t\t\t\t\t\t<\/div>\n\t\t\t\t<\/div>\n\t\t\t\t<div class=\"elementor-element elementor-element-5cc13fc elementor-widget elementor-widget-text-editor\" data-id=\"5cc13fc\" data-element_type=\"widget\" data-widget_type=\"text-editor.default\">\n\t\t\t\t<div class=\"elementor-widget-container\">\n\t\t\t\t\t\t\t\t\tDes sessions \u00e9ducatives anim\u00e9es par des experts.\t\t\t\t\t\t\t\t<\/div>\n\t\t\t\t<\/div>\n\t\t\t\t<\/div>\n\t\t\t\t<\/div>\n\t\t<div class=\"elementor-element elementor-element-065299d e-con-full e-flex e-con e-child\" data-id=\"065299d\" data-element_type=\"container\">\n\t\t<div class=\"elementor-element elementor-element-3ce2809 e-con-full e-flex e-con e-child\" data-id=\"3ce2809\" data-element_type=\"container\" data-settings=\"{&quot;background_background&quot;:&quot;classic&quot;}\">\n\t\t\t\t<div class=\"elementor-element elementor-element-ba4769f elementor-icon-list--layout-traditional elementor-list-item-link-full_width elementor-widget elementor-widget-icon-list\" data-id=\"ba4769f\" data-element_type=\"widget\" data-widget_type=\"icon-list.default\">\n\t\t\t\t<div class=\"elementor-widget-container\">\n\t\t\t\t\t\t\t<ul class=\"elementor-icon-list-items\">\n\t\t\t\t\t\t\t<li class=\"elementor-icon-list-item\">\n\t\t\t\t\t\t\t\t\t\t\t<span class=\"elementor-icon-list-icon\">\n\t\t\t\t\t\t\t<svg xmlns=\"http:\/\/www.w3.org\/2000\/svg\" width=\"22\" height=\"20\" viewbox=\"0 0 22 20\" fill=\"none\"><path fill-rule=\"evenodd\" clip-rule=\"evenodd\" d=\"M10.5148 0L13.4089 7.07249L21.0296 7.63931L15.1977 12.5772L17.0133 20L10.5148 15.9794L4.01629 20L5.83208 12.5772L0 7.63931L7.62065 7.07249L10.5148 0Z\" fill=\"#C60F2D\"><\/path><\/svg>\t\t\t\t\t\t<\/span>\n\t\t\t\t\t\t\t\t\t\t<span class=\"elementor-icon-list-text\">Ateliers<\/span>\n\t\t\t\t\t\t\t\t\t<\/li>\n\t\t\t\t\t\t<\/ul>\n\t\t\t\t\t\t<\/div>\n\t\t\t\t<\/div>\n\t\t\t\t<div class=\"elementor-element elementor-element-50a457a elementor-widget elementor-widget-text-editor\" data-id=\"50a457a\" data-element_type=\"widget\" data-widget_type=\"text-editor.default\">\n\t\t\t\t<div class=\"elementor-widget-container\">\n\t\t\t\t\t\t\t\t\tDes sessions interactives pour un apprentissage pratique.\t\t\t\t\t\t\t\t<\/div>\n\t\t\t\t<\/div>\n\t\t\t\t<\/div>\n\t\t<div class=\"elementor-element elementor-element-36cf1ee e-con-full e-flex e-con e-child\" data-id=\"36cf1ee\" data-element_type=\"container\" data-settings=\"{&quot;background_background&quot;:&quot;classic&quot;}\">\n\t\t\t\t<div class=\"elementor-element elementor-element-4fae8eb elementor-icon-list--layout-traditional elementor-list-item-link-full_width elementor-widget elementor-widget-icon-list\" data-id=\"4fae8eb\" data-element_type=\"widget\" data-widget_type=\"icon-list.default\">\n\t\t\t\t<div class=\"elementor-widget-container\">\n\t\t\t\t\t\t\t<ul class=\"elementor-icon-list-items\">\n\t\t\t\t\t\t\t<li class=\"elementor-icon-list-item\">\n\t\t\t\t\t\t\t\t\t\t\t<span class=\"elementor-icon-list-icon\">\n\t\t\t\t\t\t\t<svg xmlns=\"http:\/\/www.w3.org\/2000\/svg\" width=\"22\" height=\"20\" viewbox=\"0 0 22 20\" fill=\"none\"><path fill-rule=\"evenodd\" clip-rule=\"evenodd\" d=\"M10.5148 0L13.4089 7.07249L21.0296 7.63931L15.1977 12.5772L17.0133 20L10.5148 15.9794L4.01629 20L5.83208 12.5772L0 7.63931L7.62065 7.07249L10.5148 0Z\" fill=\"#C60F2D\"><\/path><\/svg>\t\t\t\t\t\t<\/span>\n\t\t\t\t\t\t\t\t\t\t<span class=\"elementor-icon-list-text\">Webinaires<\/span>\n\t\t\t\t\t\t\t\t\t<\/li>\n\t\t\t\t\t\t<\/ul>\n\t\t\t\t\t\t<\/div>\n\t\t\t\t<\/div>\n\t\t\t\t<div class=\"elementor-element elementor-element-ecb24d2 elementor-widget elementor-widget-text-editor\" data-id=\"ecb24d2\" data-element_type=\"widget\" data-widget_type=\"text-editor.default\">\n\t\t\t\t<div class=\"elementor-widget-container\">\n\t\t\t\t\t\t\t\t\tPr\u00e9sentations en ligne pour une participation \u00e0 distance.\t\t\t\t\t\t\t\t<\/div>\n\t\t\t\t<\/div>\n\t\t\t\t<\/div>\n\t\t<div class=\"elementor-element elementor-element-972c43b e-con-full e-flex e-con e-child\" data-id=\"972c43b\" data-element_type=\"container\" data-settings=\"{&quot;background_background&quot;:&quot;classic&quot;}\">\n\t\t\t\t<div class=\"elementor-element elementor-element-13a551c elementor-icon-list--layout-traditional elementor-list-item-link-full_width elementor-widget elementor-widget-icon-list\" data-id=\"13a551c\" data-element_type=\"widget\" data-widget_type=\"icon-list.default\">\n\t\t\t\t<div class=\"elementor-widget-container\">\n\t\t\t\t\t\t\t<ul class=\"elementor-icon-list-items\">\n\t\t\t\t\t\t\t<li class=\"elementor-icon-list-item\">\n\t\t\t\t\t\t\t\t\t\t\t<span class=\"elementor-icon-list-icon\">\n\t\t\t\t\t\t\t<svg xmlns=\"http:\/\/www.w3.org\/2000\/svg\" width=\"22\" height=\"20\" viewbox=\"0 0 22 20\" fill=\"none\"><path fill-rule=\"evenodd\" clip-rule=\"evenodd\" d=\"M10.5148 0L13.4089 7.07249L21.0296 7.63931L15.1977 12.5772L17.0133 20L10.5148 15.9794L4.01629 20L5.83208 12.5772L0 7.63931L7.62065 7.07249L10.5148 0Z\" fill=\"#C60F2D\"><\/path><\/svg>\t\t\t\t\t\t<\/span>\n\t\t\t\t\t\t\t\t\t\t<span class=\"elementor-icon-list-text\">Sessions de formation<\/span>\n\t\t\t\t\t\t\t\t\t<\/li>\n\t\t\t\t\t\t<\/ul>\n\t\t\t\t\t\t<\/div>\n\t\t\t\t<\/div>\n\t\t\t\t<div class=\"elementor-element elementor-element-6666e5c elementor-widget elementor-widget-text-editor\" data-id=\"6666e5c\" data-element_type=\"widget\" data-widget_type=\"text-editor.default\">\n\t\t\t\t<div class=\"elementor-widget-container\">\n\t\t\t\t\t\t\t\t\tSessions d'instruction pour l'acquisition de comp\u00e9tences.\t\t\t\t\t\t\t\t<\/div>\n\t\t\t\t<\/div>\n\t\t\t\t<\/div>\n\t\t\t\t<\/div>\n\t\t\t\t<\/div>\n\t\t\t\t<div class=\"elementor-element elementor-element-4fc4385 slide2blue_btn elementor-widget elementor-widget-button\" data-id=\"4fc4385\" data-element_type=\"widget\" data-widget_type=\"button.default\">\n\t\t\t\t<div class=\"elementor-widget-container\">\n\t\t\t\t\t\t\t\t\t<div class=\"elementor-button-wrapper\">\n\t\t\t\t\t<a class=\"elementor-button elementor-button-link elementor-size-sm\" href=\"\/fr\/contact-steve\/\">\n\t\t\t\t\t\t<span class=\"elementor-button-content-wrapper\">\n\t\t\t\t\t\t\t\t\t<span class=\"elementor-button-text\">V\u00c9RIFIER LA DISPONIBILIT\u00c9<\/span>\n\t\t\t\t\t<\/span>\n\t\t\t\t\t<\/a>\n\t\t\t\t<\/div>\n\t\t\t\t\t\t\t\t<\/div>\n\t\t\t\t<\/div>\n\t\t\t\t\t<\/div>\n\t\t\t\t<\/div>\n\t\t\t\t<\/div>","protected":false},"excerpt":{"rendered":"<p>STEVE TAORMINO Keynote Speaking From corporate conferences to educational summits and everything in between, Steve Taormino\u2019s keynote presentations bring a unique perspective and a wealth of insights to any event. Get ready to be informed, engaged, and inspired as he takes you on a journey of discovery and transformation. Elevate your event with the dynamic [&hellip;]<\/p>","protected":false},"author":3,"featured_media":0,"parent":0,"menu_order":0,"comment_status":"closed","ping_status":"closed","template":"","meta":{"footnotes":""},"class_list":["post-113","page","type-page","status-publish","hentry"],"featured_image_src":null,"featured_image_src_square":null,"_links":{"self":[{"href":"https:\/\/stephentaormino.com\/fr\/wp-json\/wp\/v2\/pages\/113","targetHints":{"allow":["GET"]}}],"collection":[{"href":"https:\/\/stephentaormino.com\/fr\/wp-json\/wp\/v2\/pages"}],"about":[{"href":"https:\/\/stephentaormino.com\/fr\/wp-json\/wp\/v2\/types\/page"}],"author":[{"embeddable":true,"href":"https:\/\/stephentaormino.com\/fr\/wp-json\/wp\/v2\/users\/3"}],"replies":[{"embeddable":true,"href":"https:\/\/stephentaormino.com\/fr\/wp-json\/wp\/v2\/comments?post=113"}],"version-history":[{"count":0,"href":"https:\/\/stephentaormino.com\/fr\/wp-json\/wp\/v2\/pages\/113\/revisions"}],"wp:attachment":[{"href":"https:\/\/stephentaormino.com\/fr\/wp-json\/wp\/v2\/media?parent=113"}],"curies":[{"name":"wp","href":"https:\/\/api.w.org\/{rel}","templated":true}]}}