{"id":78,"date":"2024-07-22T08:43:08","date_gmt":"2024-07-22T08:43:08","guid":{"rendered":"https:\/\/stephentaormino.com\/?page_id=78"},"modified":"2025-04-11T18:00:27","modified_gmt":"2025-04-11T18:00:27","slug":"about-steve","status":"publish","type":"page","link":"https:\/\/stephentaormino.com\/fr\/about-steve\/","title":{"rendered":"\u00c0 propos de Steve"},"content":{"rendered":"<div data-elementor-type=\"wp-page\" data-elementor-id=\"78\" class=\"elementor elementor-78\" data-elementor-post-type=\"page\">\n\t\t\t\t<div class=\"elementor-element elementor-element-7851e5e st_medium_banner e-flex e-con-boxed e-con e-parent\" data-id=\"7851e5e\" data-element_type=\"container\" data-settings=\"{&quot;background_background&quot;:&quot;classic&quot;}\">\n\t\t\t\t\t<div class=\"e-con-inner\">\n\t\t<div class=\"elementor-element elementor-element-b018c0c e-con-full e-flex e-con e-child\" data-id=\"b018c0c\" data-element_type=\"container\">\n\t\t\t\t<div class=\"elementor-element elementor-element-42f005f elementor-widget elementor-widget-shortcode\" data-id=\"42f005f\" data-element_type=\"widget\" data-widget_type=\"shortcode.default\">\n\t\t\t\t<div class=\"elementor-widget-container\">\n\t\t\t\t\t\t\t<div class=\"elementor-shortcode\"><div class=\"breadcrumbs\"><a href=\"https:\/\/stephentaormino.com\/fr\/\">Accueil<\/a> <span class=\"chevron\">\"<\/span> <\/div><\/div>\n\t\t\t\t\t\t<\/div>\n\t\t\t\t<\/div>\n\t\t\t\t<\/div>\n\t\t<div class=\"elementor-element elementor-element-85666f0 e-con-full elementor-hidden-mobile e-flex e-con e-child\" data-id=\"85666f0\" data-element_type=\"container\">\n\t\t\t\t<div class=\"elementor-element elementor-element-f7439b7 elementor-widget elementor-widget-image\" data-id=\"f7439b7\" data-element_type=\"widget\" data-widget_type=\"image.default\">\n\t\t\t\t<div class=\"elementor-widget-container\">\n\t\t\t\t\t\t\t\t\t\t\t\t\t\t\t<img fetchpriority=\"high\" decoding=\"async\" width=\"333\" height=\"430\" src=\"https:\/\/stephentaormino.com\/wp-content\/uploads\/2024\/07\/steve-aboutbanner.png\" class=\"attachment-full size-full wp-image-84\" alt=\"\" srcset=\"https:\/\/stephentaormino.com\/wp-content\/uploads\/2024\/07\/steve-aboutbanner.png 333w, https:\/\/stephentaormino.com\/wp-content\/uploads\/2024\/07\/steve-aboutbanner-232x300.png 232w, https:\/\/stephentaormino.com\/wp-content\/uploads\/2024\/07\/steve-aboutbanner-9x12.png 9w\" sizes=\"(max-width: 333px) 100vw, 333px\" \/>\t\t\t\t\t\t\t\t\t\t\t\t\t\t\t<\/div>\n\t\t\t\t<\/div>\n\t\t\t\t<\/div>\n\t\t\t\t\t<\/div>\n\t\t\t\t<\/div>\n\t\t<div class=\"elementor-element elementor-element-09dfdc9 e-flex e-con-boxed e-con e-parent\" data-id=\"09dfdc9\" data-element_type=\"container\">\n\t\t\t\t\t<div class=\"e-con-inner\">\n\t\t\t\t<div class=\"elementor-element elementor-element-53bdecc elementor-widget elementor-widget-text-editor\" data-id=\"53bdecc\" data-element_type=\"widget\" data-widget_type=\"text-editor.default\">\n\t\t\t\t<div class=\"elementor-widget-container\">\n\t\t\t\t\t\t\t\t\t<div class=\"section_heading\">\n<h2>Steve's <span class=\"alt_title_color\">Expertise<\/span><\/h2>\n<\/div>\t\t\t\t\t\t\t\t<\/div>\n\t\t\t\t<\/div>\n\t\t\t\t<div class=\"elementor-element elementor-element-e948504 elementor-widget elementor-widget-text-editor\" data-id=\"e948504\" data-element_type=\"widget\" data-widget_type=\"text-editor.default\">\n\t\t\t\t<div class=\"elementor-widget-container\">\n\t\t\t\t\t\t\t\t\t<p>Reconnu pour son professionnalisme, sa cr\u00e9dibilit\u00e9 et son expertise, Steve transmet les informations d'une mani\u00e8re accessible et compr\u00e9hensible. Fort de ses ann\u00e9es d'exp\u00e9rience et de ses vastes connaissances en marketing, Steve incarne l'autorit\u00e9, ce qui fait de lui une voix recherch\u00e9e lors d'\u00e9v\u00e9nements et de conf\u00e9rences dans le monde entier. Son parcours est celui d'un acharn\u00e9, marqu\u00e9 par d'innombrables engagements o\u00f9 ses id\u00e9es ont laiss\u00e9 un impact ind\u00e9l\u00e9bile.\u00a0<\/p>\t\t\t\t\t\t\t\t<\/div>\n\t\t\t\t<\/div>\n\t\t\t\t\t<\/div>\n\t\t\t\t<\/div>\n\t\t<div class=\"elementor-element elementor-element-5ff4727 e-flex e-con-boxed e-con e-parent\" data-id=\"5ff4727\" data-element_type=\"container\" data-settings=\"{&quot;background_background&quot;:&quot;classic&quot;}\">\n\t\t\t\t\t<div class=\"e-con-inner\">\n\t\t\t\t<div class=\"elementor-element elementor-element-12d9335 elementor-widget elementor-widget-text-editor\" data-id=\"12d9335\" data-element_type=\"widget\" data-widget_type=\"text-editor.default\">\n\t\t\t\t<div class=\"elementor-widget-container\">\n\t\t\t\t\t\t\t\t\t<div class=\"section_heading\">\n<h2>Steve's <span class=\"alt_title_color\">L'histoire<\/span><\/h2>\n<\/div>\t\t\t\t\t\t\t\t<\/div>\n\t\t\t\t<\/div>\n\t\t<div class=\"elementor-element elementor-element-75171c1 e-con-full history_listing e-flex e-con e-child\" data-id=\"75171c1\" data-element_type=\"container\">\n\t\t<div class=\"elementor-element elementor-element-cde9d68 e-con-full e-flex e-con e-child\" data-id=\"cde9d68\" data-element_type=\"container\">\n\t\t<div class=\"elementor-element elementor-element-f0b42e4 e-con-full e-flex e-con e-child\" data-id=\"f0b42e4\" data-element_type=\"container\">\n\t\t\t\t<div class=\"elementor-element elementor-element-995f696 elementor-widget__width-auto elementor-widget elementor-widget-text-editor\" data-id=\"995f696\" data-element_type=\"widget\" data-widget_type=\"text-editor.default\">\n\t\t\t\t<div class=\"elementor-widget-container\">\n\t\t\t\t\t\t\t\t\t<div class=\"history_year\">1999<\/div>\t\t\t\t\t\t\t\t<\/div>\n\t\t\t\t<\/div>\n\t\t\t\t<\/div>\n\t\t<div class=\"elementor-element elementor-element-9fc5e94 e-con-full e-flex e-con e-child\" data-id=\"9fc5e94\" data-element_type=\"container\">\n\t\t\t\t<div class=\"elementor-element elementor-element-6923195 elementor-widget elementor-widget-text-editor\" data-id=\"6923195\" data-element_type=\"widget\" data-widget_type=\"text-editor.default\">\n\t\t\t\t<div class=\"elementor-widget-container\">\n\t\t\t\t\t\t\t\t\t<p>En 1999, Stephen Taormino a cr\u00e9\u00e9 son entreprise (CC&amp;A Strategic Media) en tant que soci\u00e9t\u00e9 de conception de sites web. CC&amp;A a commenc\u00e9 par cr\u00e9er des sites web en HTML et en animation Flash et a \u00e9t\u00e9 fond\u00e9e \u00e0 l'origine sous le nom de CC&amp;A Web Development, avant d'\u00eatre rebaptis\u00e9e.<\/p>\t\t\t\t\t\t\t\t<\/div>\n\t\t\t\t<\/div>\n\t\t\t\t<\/div>\n\t\t\t\t<\/div>\n\t\t<div class=\"elementor-element elementor-element-85edb30 e-con-full e-flex e-con e-child\" data-id=\"85edb30\" data-element_type=\"container\">\n\t\t<div class=\"elementor-element elementor-element-d3f98dd e-con-full e-flex e-con e-child\" data-id=\"d3f98dd\" data-element_type=\"container\">\n\t\t\t\t<div class=\"elementor-element elementor-element-3049c4c elementor-widget__width-auto elementor-widget elementor-widget-text-editor\" data-id=\"3049c4c\" data-element_type=\"widget\" data-widget_type=\"text-editor.default\">\n\t\t\t\t<div class=\"elementor-widget-container\">\n\t\t\t\t\t\t\t\t\t<div class=\"history_year\">2001<\/div>\t\t\t\t\t\t\t\t<\/div>\n\t\t\t\t<\/div>\n\t\t\t\t<\/div>\n\t\t<div class=\"elementor-element elementor-element-8f441ed e-con-full e-flex e-con e-child\" data-id=\"8f441ed\" data-element_type=\"container\">\n\t\t\t\t<div class=\"elementor-element elementor-element-185edd4 elementor-widget elementor-widget-text-editor\" data-id=\"185edd4\" data-element_type=\"widget\" data-widget_type=\"text-editor.default\">\n\t\t\t\t<div class=\"elementor-widget-container\">\n\t\t\t\t\t\t\t\t\tEn 2001, Steve a strat\u00e9giquement repositionn\u00e9 CC&amp;A en tant que service complet de marketing et de communication sp\u00e9cialis\u00e9 dans les comportements humains et la psychologie du marketing. En plus du d\u00e9veloppement de sites web, Steve a ajout\u00e9 des services de r\u00e9f\u00e9rencement et de m\u00e9dias sociaux.\t\t\t\t\t\t\t\t<\/div>\n\t\t\t\t<\/div>\n\t\t\t\t<\/div>\n\t\t\t\t<\/div>\n\t\t<div class=\"elementor-element elementor-element-99b797b e-con-full e-flex e-con e-child\" data-id=\"99b797b\" data-element_type=\"container\">\n\t\t<div class=\"elementor-element elementor-element-9ad9b91 e-con-full e-flex e-con e-child\" data-id=\"9ad9b91\" data-element_type=\"container\">\n\t\t\t\t<div class=\"elementor-element elementor-element-8a49a51 elementor-widget__width-auto elementor-widget elementor-widget-text-editor\" data-id=\"8a49a51\" data-element_type=\"widget\" data-widget_type=\"text-editor.default\">\n\t\t\t\t<div class=\"elementor-widget-container\">\n\t\t\t\t\t\t\t\t\t<div class=\"history_year\">2011<\/div>\t\t\t\t\t\t\t\t<\/div>\n\t\t\t\t<\/div>\n\t\t\t\t<\/div>\n\t\t<div class=\"elementor-element elementor-element-df52439 e-con-full e-flex e-con e-child\" data-id=\"df52439\" data-element_type=\"container\">\n\t\t\t\t<div class=\"elementor-element elementor-element-62de946 elementor-widget elementor-widget-text-editor\" data-id=\"62de946\" data-element_type=\"widget\" data-widget_type=\"text-editor.default\">\n\t\t\t\t<div class=\"elementor-widget-container\">\n\t\t\t\t\t\t\t\t\tEn 2011, Steve a obtenu des prix, des r\u00e9alisations et une reconnaissance nationale de la part des principaux m\u00e9dias. Il a m\u00eame fait une pr\u00e9sentation aux c\u00f4t\u00e9s du CMO de Yahoo sur les meilleures pratiques de marketing num\u00e9rique \u00e0 New York.\t\t\t\t\t\t\t\t<\/div>\n\t\t\t\t<\/div>\n\t\t\t\t<\/div>\n\t\t\t\t<\/div>\n\t\t<div class=\"elementor-element elementor-element-dc9b96d e-con-full e-flex e-con e-child\" data-id=\"dc9b96d\" data-element_type=\"container\">\n\t\t<div class=\"elementor-element elementor-element-ae21f83 e-con-full e-flex e-con e-child\" data-id=\"ae21f83\" data-element_type=\"container\">\n\t\t\t\t<div class=\"elementor-element elementor-element-596ce25 elementor-widget__width-auto elementor-widget elementor-widget-text-editor\" data-id=\"596ce25\" data-element_type=\"widget\" data-widget_type=\"text-editor.default\">\n\t\t\t\t<div class=\"elementor-widget-container\">\n\t\t\t\t\t\t\t\t\t<div class=\"history_year\">2014<\/div>\t\t\t\t\t\t\t\t<\/div>\n\t\t\t\t<\/div>\n\t\t\t\t<\/div>\n\t\t<div class=\"elementor-element elementor-element-53ce3f4 e-con-full e-flex e-con e-child\" data-id=\"53ce3f4\" data-element_type=\"container\">\n\t\t\t\t<div class=\"elementor-element elementor-element-1bb9222 elementor-widget elementor-widget-text-editor\" data-id=\"1bb9222\" data-element_type=\"widget\" data-widget_type=\"text-editor.default\">\n\t\t\t\t<div class=\"elementor-widget-container\">\n\t\t\t\t\t\t\t\t\tEn 2014, Steve Taormino a \u00e9t\u00e9 invit\u00e9 \u00e0 participer \u00e0 une d\u00e9l\u00e9gation internationale de vingt chefs d'entreprise qui s'est rendue \u00e0 Cuba pour rencontrer des repr\u00e9sentants du gouvernement afin de discuter des meilleures pratiques commerciales et des strat\u00e9gies de marketing visant \u00e0 attirer les entreprises am\u00e9ricaines.\t\t\t\t\t\t\t\t<\/div>\n\t\t\t\t<\/div>\n\t\t\t\t<\/div>\n\t\t\t\t<\/div>\n\t\t<div class=\"elementor-element elementor-element-8af35cc e-con-full e-flex e-con e-child\" data-id=\"8af35cc\" data-element_type=\"container\">\n\t\t<div class=\"elementor-element elementor-element-2a61d20 e-con-full e-flex e-con e-child\" data-id=\"2a61d20\" data-element_type=\"container\">\n\t\t\t\t<div class=\"elementor-element elementor-element-41ee15c elementor-widget__width-auto elementor-widget elementor-widget-text-editor\" data-id=\"41ee15c\" data-element_type=\"widget\" data-widget_type=\"text-editor.default\">\n\t\t\t\t<div class=\"elementor-widget-container\">\n\t\t\t\t\t\t\t\t\t<div class=\"history_year\">2018<\/div>\t\t\t\t\t\t\t\t<\/div>\n\t\t\t\t<\/div>\n\t\t\t\t<\/div>\n\t\t<div class=\"elementor-element elementor-element-47041e5 e-con-full e-flex e-con e-child\" data-id=\"47041e5\" data-element_type=\"container\">\n\t\t\t\t<div class=\"elementor-element elementor-element-f80253f elementor-widget elementor-widget-text-editor\" data-id=\"f80253f\" data-element_type=\"widget\" data-widget_type=\"text-editor.default\">\n\t\t\t\t<div class=\"elementor-widget-container\">\n\t\t\t\t\t\t\t\t\tEn 2018, Steve et son entreprise (CC&amp;A Strategic Media) ont \u00e9t\u00e9 retenus par le bureau du procureur g\u00e9n\u00e9ral du Maryland en tant que t\u00e9moins experts dans les domaines de la gestion de la r\u00e9putation num\u00e9rique et des r\u00e9sultats du moteur de recherche Google. Cela s'est sold\u00e9 par une victoire dans une affaire tr\u00e8s m\u00e9diatis\u00e9e contre l'\u00c9tat du Maryland.\t\t\t\t\t\t\t\t<\/div>\n\t\t\t\t<\/div>\n\t\t\t\t<\/div>\n\t\t\t\t<\/div>\n\t\t\t\t<\/div>\n\t\t\t\t\t<\/div>\n\t\t\t\t<\/div>\n\t\t<div class=\"elementor-element elementor-element-3274046 e-flex e-con-boxed e-con e-parent\" data-id=\"3274046\" data-element_type=\"container\">\n\t\t\t\t\t<div class=\"e-con-inner\">\n\t\t<div class=\"elementor-element elementor-element-88a9e64 e-flex e-con-boxed e-con e-child\" data-id=\"88a9e64\" data-element_type=\"container\" data-settings=\"{&quot;background_background&quot;:&quot;classic&quot;}\">\n\t\t\t\t\t<div class=\"e-con-inner\">\n\t\t<div class=\"elementor-element elementor-element-d4aa70e e-con-full e-flex e-con e-child\" data-id=\"d4aa70e\" data-element_type=\"container\" data-settings=\"{&quot;background_background&quot;:&quot;classic&quot;}\">\n\t\t\t\t<div class=\"elementor-element elementor-element-facea2f elementor-hidden-desktop elementor-hidden-tablet elementor-widget elementor-widget-image\" data-id=\"facea2f\" data-element_type=\"widget\" data-widget_type=\"image.default\">\n\t\t\t\t<div class=\"elementor-widget-container\">\n\t\t\t\t\t\t\t\t\t\t\t\t\t\t\t<img decoding=\"async\" width=\"570\" height=\"540\" src=\"https:\/\/stephentaormino.com\/wp-content\/uploads\/2024\/07\/steve-aboutus-hero.png\" class=\"attachment-large size-large wp-image-94\" alt=\"\" srcset=\"https:\/\/stephentaormino.com\/wp-content\/uploads\/2024\/07\/steve-aboutus-hero.png 570w, https:\/\/stephentaormino.com\/wp-content\/uploads\/2024\/07\/steve-aboutus-hero-300x284.png 300w, https:\/\/stephentaormino.com\/wp-content\/uploads\/2024\/07\/steve-aboutus-hero-13x12.png 13w\" sizes=\"(max-width: 570px) 100vw, 570px\" \/>\t\t\t\t\t\t\t\t\t\t\t\t\t\t\t<\/div>\n\t\t\t\t<\/div>\n\t\t\t\t<div class=\"elementor-element elementor-element-af75f02 elementor-widget elementor-widget-text-editor\" data-id=\"af75f02\" data-element_type=\"widget\" data-widget_type=\"text-editor.default\">\n\t\t\t\t<div class=\"elementor-widget-container\">\n\t\t\t\t\t\t\t\t\t<div class=\"section_heading\">\n<h2>Quel Steve <span class=\"alt_title_color\">jusqu'\u00e0 aujourd'hui<\/span><\/h2>\n<\/div>\t\t\t\t\t\t\t\t<\/div>\n\t\t\t\t<\/div>\n\t\t\t\t<div class=\"elementor-element elementor-element-8f2e157 elementor-widget elementor-widget-text-editor\" data-id=\"8f2e157\" data-element_type=\"widget\" data-widget_type=\"text-editor.default\">\n\t\t\t\t<div class=\"elementor-widget-container\">\n\t\t\t\t\t\t\t\t\tAujourd'hui, Steve Taormino continue d'intervenir aupr\u00e8s d'entreprises du monde entier dans les domaines du marketing, de la publicit\u00e9, de l'image de marque, des relations publiques et de la gestion de la r\u00e9putation, dans le seul but de cr\u00e9er une prosp\u00e9rit\u00e9 organisationnelle. Il fait preuve d'une compr\u00e9hension profonde et d'une perspective unique sur les strat\u00e9gies commerciales et la dynamique du march\u00e9. En proposant des approches et des solutions nouvelles et cr\u00e9atives aux d\u00e9fis commerciaux, Steve aide les organisations \u00e0 anticiper les tendances futures et pr\u00e9pare les entreprises aux changements et aux opportunit\u00e9s \u00e0 venir.\t\t\t\t\t\t\t\t<\/div>\n\t\t\t\t<\/div>\n\t\t\t\t<\/div>\n\t\t\t\t\t<\/div>\n\t\t\t\t<\/div>\n\t\t\t\t\t<\/div>\n\t\t\t\t<\/div>\n\t\t<div class=\"elementor-element elementor-element-3213473 e-flex e-con-boxed e-con e-parent\" data-id=\"3213473\" data-element_type=\"container\" data-settings=\"{&quot;background_background&quot;:&quot;classic&quot;}\">\n\t\t\t\t\t<div class=\"e-con-inner\">\n\t\t\t\t<div class=\"elementor-element elementor-element-0826981 elementor-widget elementor-widget-image\" data-id=\"0826981\" data-element_type=\"widget\" data-widget_type=\"image.default\">\n\t\t\t\t<div class=\"elementor-widget-container\">\n\t\t\t\t\t\t\t\t\t\t\t\t\t\t\t<img decoding=\"async\" width=\"91\" height=\"91\" src=\"https:\/\/stephentaormino.com\/wp-content\/uploads\/2024\/07\/ms-icon.png\" class=\"attachment-large size-large wp-image-98\" alt=\"\" srcset=\"https:\/\/stephentaormino.com\/wp-content\/uploads\/2024\/07\/ms-icon.png 91w, https:\/\/stephentaormino.com\/wp-content\/uploads\/2024\/07\/ms-icon-12x12.png 12w\" sizes=\"(max-width: 91px) 100vw, 91px\" \/>\t\t\t\t\t\t\t\t\t\t\t\t\t\t\t<\/div>\n\t\t\t\t<\/div>\n\t\t\t\t<div class=\"elementor-element elementor-element-73d23dd elementor-widget elementor-widget-text-editor\" data-id=\"73d23dd\" data-element_type=\"widget\" data-widget_type=\"text-editor.default\">\n\t\t\t\t<div class=\"elementor-widget-container\">\n\t\t\t\t\t\t\t\t\t<div class=\"section_heading\">\n<h2>La mission <span class=\"alt_title_color\">D\u00e9claration<\/span><\/h2>\n<\/div>\t\t\t\t\t\t\t\t<\/div>\n\t\t\t\t<\/div>\n\t\t<div class=\"elementor-element elementor-element-5b36ccb e-flex e-con-boxed e-con e-child\" data-id=\"5b36ccb\" data-element_type=\"container\">\n\t\t\t\t\t<div class=\"e-con-inner\">\n\t\t\t\t<div class=\"elementor-element elementor-element-acb5c1f elementor-widget elementor-widget-text-editor\" data-id=\"acb5c1f\" data-element_type=\"widget\" data-widget_type=\"text-editor.default\">\n\t\t\t\t<div class=\"elementor-widget-container\">\n\t\t\t\t\t\t\t\t\t<p><!--StartFragment --><span class=\"cf0\">Ma mission est d'exploiter la puissance des connaissances psychologiques pour transformer la fa\u00e7on dont les organisations abordent le marketing, la publicit\u00e9, l'image de marque, les relations publiques et la gestion de la r\u00e9putation. Par le biais d'un leadership \u00e9clair\u00e9 et d'interventions strat\u00e9giques, je cherche \u00e0 aider les marques \u00e0 se rapprocher de leur public \u00e0 un niveau plus profond et plus humain, en s'appuyant sur l'empathie, le comportement et la science qui sous-tend la prise de d\u00e9cision. Chaque message, chaque campagne et chaque engagement sont con\u00e7us dans un seul but : cr\u00e9er un lien authentique et une prosp\u00e9rit\u00e9 durable pour les organisations que je sers.<\/span><!--EndFragment --><\/p>\t\t\t\t\t\t\t\t<\/div>\n\t\t\t\t<\/div>\n\t\t\t\t\t<\/div>\n\t\t\t\t<\/div>\n\t\t\t\t\t<\/div>\n\t\t\t\t<\/div>\n\t\t\t\t<\/div>","protected":false},"excerpt":{"rendered":"<p>Steve&#8217;s Expertise Known for his professionalism, credibility, and expertise, Steve delivers information in an approachable and relatable way. With years of dedicated experience and a wealth of knowledge in Marketing, Steve embodies authority, making him a sought-after voice at speaking events and conferences around the world. His journey is one of relentless pursuit, marked by [&hellip;]<\/p>","protected":false},"author":3,"featured_media":0,"parent":0,"menu_order":0,"comment_status":"closed","ping_status":"closed","template":"","meta":{"footnotes":""},"class_list":["post-78","page","type-page","status-publish","hentry"],"featured_image_src":null,"featured_image_src_square":null,"_links":{"self":[{"href":"https:\/\/stephentaormino.com\/fr\/wp-json\/wp\/v2\/pages\/78","targetHints":{"allow":["GET"]}}],"collection":[{"href":"https:\/\/stephentaormino.com\/fr\/wp-json\/wp\/v2\/pages"}],"about":[{"href":"https:\/\/stephentaormino.com\/fr\/wp-json\/wp\/v2\/types\/page"}],"author":[{"embeddable":true,"href":"https:\/\/stephentaormino.com\/fr\/wp-json\/wp\/v2\/users\/3"}],"replies":[{"embeddable":true,"href":"https:\/\/stephentaormino.com\/fr\/wp-json\/wp\/v2\/comments?post=78"}],"version-history":[{"count":0,"href":"https:\/\/stephentaormino.com\/fr\/wp-json\/wp\/v2\/pages\/78\/revisions"}],"wp:attachment":[{"href":"https:\/\/stephentaormino.com\/fr\/wp-json\/wp\/v2\/media?parent=78"}],"curies":[{"name":"wp","href":"https:\/\/api.w.org\/{rel}","templated":true}]}}